{"id":12081,"date":"2016-07-26T15:04:22","date_gmt":"2016-07-26T13:04:22","guid":{"rendered":"http:\/\/bsec.thetisdemo.com\/?page_id=12081"},"modified":"2021-07-28T14:46:33","modified_gmt":"2021-07-28T12:46:33","slug":"sicurezza-pubblica","status":"publish","type":"page","link":"https:\/\/www.bsec.it\/?page_id=12081","title":{"rendered":"Sicurezza Pubblica"},"content":{"rendered":"<p><div class=\"fusion-fullwidth fullwidth-box fusion-builder-row-1 nonhundred-percent-fullwidth non-hundred-percent-height-scrolling\" style=\"--awb-background-position:left top;--awb-border-radius-top-left:0px;--awb-border-radius-top-right:0px;--awb-border-radius-bottom-right:0px;--awb-border-radius-bottom-left:0px;--awb-padding-top:20px;--awb-border-sizes-top:0px;--awb-border-sizes-bottom:0px;--awb-flex-wrap:wrap;\" ><div class=\"fusion-builder-row fusion-row\"><div class=\"fusion-layout-column fusion_builder_column fusion-builder-column-0 fusion_builder_column_1_1 1_1 fusion-one-full fusion-column-first fusion-column-last\" style=\"--awb-bg-size:cover;\"><div class=\"fusion-column-wrapper fusion-flex-column-wrapper-legacy\"><div class=\"fusion-title title fusion-title-1 fusion-title-text fusion-title-size-one\"><h1 class=\"fusion-title-heading title-heading-left\" style=\"margin:0;\"><span style=\"color: #011c58;\">SICUREZZA PUBBLICA<\/span><\/h1><span class=\"awb-title-spacer\"><\/span><div class=\"title-sep-container\"><div class=\"title-sep sep-double sep-solid\" style=\"border-color:#e0dede;\"><\/div><\/div><\/div><div class=\"fusion-text fusion-text-1\"><div style=\"text-align: justify;\"><strong>L\u2019ordine pubblico \u00e8 garanzia di pace, di tranquillit\u00e0 e sicurezza collettiva. In tal senso assume un valore di ordine sociale in quanto con esso si difende lo svolgimento dei rapporti della vita sociale.<\/strong><br \/>\nNon c\u2019\u00e8 fine superiore alla sicurezza pubblica, in cui comunicazioni di emergenza, centri di comando e controllo giocano un ruolo critico. La gestione delle chiamate di emergenza, delle operazioni di sicurezza, e l\u2019organizzazione delle risorse costituiscono la linea del fronte per la tutela pubblica. Per rispondere positivamente alle sfide \u00e8 necessario disporre di soluzioni affidabili, di informazioni in tempo reale e di intelligence per migliorare la consapevolezza della situazione e la velocit\u00e0 di risposta coniugando una visione a 360 gradi prima, durante e dopo i fatti.<\/div>\n<p>B-Sec ha un ruolo attivo nella proposizione e realizzazione di sistemi dedicati alla gestione della Sicurezza Pubblica integrando soluzioni allo stato dell\u2019arte nelle realt\u00e0 operative italiane.<\/p>\n<\/div><div class=\"fusion-clearfix\"><\/div><\/div><\/div><\/div><\/div><div class=\"fusion-fullwidth fullwidth-box fusion-builder-row-2 nonhundred-percent-fullwidth non-hundred-percent-height-scrolling\" style=\"--awb-background-position:left top;--awb-border-radius-top-left:0px;--awb-border-radius-top-right:0px;--awb-border-radius-bottom-right:0px;--awb-border-radius-bottom-left:0px;--awb-padding-top:30px;--awb-padding-right:0px;--awb-padding-bottom:30px;--awb-padding-left:0px;--awb-flex-wrap:wrap;\" ><div class=\"fusion-builder-row fusion-row\"><div class=\"fusion-layout-column fusion_builder_column fusion-builder-column-1 fusion_builder_column_1_1 1_1 fusion-one-full fusion-column-first fusion-column-last\" style=\"--awb-bg-size:cover;\"><div class=\"fusion-column-wrapper fusion-flex-column-wrapper-legacy\"><div class=\"fusion-tabs fusion-tabs-1 classic nav-is-justified horizontal-tabs icon-position-left mobile-mode-accordion\" style=\"--awb-title-border-radius-top-left:0px;--awb-title-border-radius-top-right:0px;--awb-title-border-radius-bottom-right:0px;--awb-title-border-radius-bottom-left:0px;--awb-inactive-color:#ffffff;--awb-background-color:#ededed;--awb-border-color:#ebeaea;--awb-active-border-color:#4c93c9;\"><div class=\"nav\"><ul class=\"nav-tabs nav-justified\" role=\"tablist\"><li class=\"active\" role=\"presentation\"><a class=\"tab-link\" data-toggle=\"tab\" role=\"tab\" aria-controls=\"tab-d9c4e8ea82e3b99daa1\" aria-selected=\"true\" id=\"fusion-tab-areeurbane\" href=\"#tab-d9c4e8ea82e3b99daa1\"><h4 class=\"fusion-tab-heading\"><i class=\"fontawesome-icon fa fa-building-o\" aria-hidden=\"true\" style=\"font-size:16px;\"><\/i>AREE URBANE<\/h4><\/a><\/li><li role=\"presentation\"><a class=\"tab-link\" data-toggle=\"tab\" role=\"tab\" aria-controls=\"tab-84945c2444afd5384ec\" aria-selected=\"false\" tabindex=\"-1\" id=\"fusion-tab-viabilit\u00c0urbanaedautostrade\" href=\"#tab-84945c2444afd5384ec\"><h4 class=\"fusion-tab-heading\"><i class=\"fontawesome-icon fa fa-road\" aria-hidden=\"true\" style=\"font-size:16px;\"><\/i>VIABILIT\u00c0 URBANA ED AUTOSTRADE<\/h4><\/a><\/li><li role=\"presentation\"><a class=\"tab-link\" data-toggle=\"tab\" role=\"tab\" aria-controls=\"tab-8adad51eb45def81259\" aria-selected=\"false\" tabindex=\"-1\" id=\"fusion-tab-centridicoordinamentoecontrollo\" href=\"#tab-8adad51eb45def81259\"><h4 class=\"fusion-tab-heading\"><i class=\"fontawesome-icon fa fa-video-camera\" aria-hidden=\"true\" style=\"font-size:16px;\"><\/i>CENTRI DI COORDINAMENTO E CONTROLLO<\/h4><\/a><\/li><\/ul><\/div><div class=\"tab-content\"><div class=\"nav fusion-mobile-tab-nav\"><ul class=\"nav-tabs nav-justified\" role=\"tablist\"><li class=\"active\" role=\"presentation\"><a class=\"tab-link\" data-toggle=\"tab\" role=\"tab\" aria-controls=\"tab-d9c4e8ea82e3b99daa1\" aria-selected=\"true\" id=\"mobile-fusion-tab-areeurbane\" href=\"#tab-d9c4e8ea82e3b99daa1\"><h4 class=\"fusion-tab-heading\"><i class=\"fontawesome-icon fa fa-building-o\" aria-hidden=\"true\" style=\"font-size:16px;\"><\/i>AREE URBANE<\/h4><\/a><\/li><\/ul><\/div><div class=\"tab-pane fade fusion-clearfix in active\" role=\"tabpanel\" tabindex=\"0\" aria-labelledby=\"fusion-tab-areeurbane\" id=\"tab-d9c4e8ea82e3b99daa1\">Soluzioni integrali che permettono di controllare pro-attivamente, di reagire con estrema rapidit\u00e0 e di recuperare dati vitali allo svolgimento delle indagini giudiziarie.<\/p>\n<p>Il convergere delle informazioni dalle diverse aree da monitorare garantisce un migliore coordinamento delle forze in campo per un intervento mirato ed efficiente.<\/p>\n<p>Il recupero delle informazioni registrate in qualsiasi istante e la loro affidabilit\u00e0 in ambito giudiziario rendono il sistema un valido aiuto agli investigatori in fase di indagine su eventi criminosi avvenuti sulle strade.<\/div><div class=\"nav fusion-mobile-tab-nav\"><ul class=\"nav-tabs nav-justified\" role=\"tablist\"><li role=\"presentation\"><a class=\"tab-link\" data-toggle=\"tab\" role=\"tab\" aria-controls=\"tab-84945c2444afd5384ec\" aria-selected=\"false\" tabindex=\"-1\" id=\"mobile-fusion-tab-viabilit\u00c0urbanaedautostrade\" href=\"#tab-84945c2444afd5384ec\"><h4 class=\"fusion-tab-heading\"><i class=\"fontawesome-icon fa fa-road\" aria-hidden=\"true\" style=\"font-size:16px;\"><\/i>VIABILIT\u00c0 URBANA ED AUTOSTRADE<\/h4><\/a><\/li><\/ul><\/div><div class=\"tab-pane fade fusion-clearfix\" role=\"tabpanel\" tabindex=\"0\" aria-labelledby=\"fusion-tab-viabilit\u00c0urbanaedautostrade\" id=\"tab-84945c2444afd5384ec\">Soluzioni integrali che permettono di controllare pro-attivamente, di reagire con estrema rapidit\u00e0 e di recuperare dati vitali allo svolgimento delle indagini giudiziarie.<\/p>\n<p>Il convergere delle informazioni dalle diverse aree da monitorare garantisce un migliore coordinamento delle forze in campo per un intervento mirato ed efficiente.<\/p>\n<p>Il recupero delle informazioni registrate in qualsiasi istante e la loro affidabilit\u00e0 in ambito giudiziario rendono il sistema un valido aiuto agli investigatori in fase di indagine su eventi criminosi avvenuti sulle strade.<\/div><div class=\"nav fusion-mobile-tab-nav\"><ul class=\"nav-tabs nav-justified\" role=\"tablist\"><li role=\"presentation\"><a class=\"tab-link\" data-toggle=\"tab\" role=\"tab\" aria-controls=\"tab-8adad51eb45def81259\" aria-selected=\"false\" tabindex=\"-1\" id=\"mobile-fusion-tab-centridicoordinamentoecontrollo\" href=\"#tab-8adad51eb45def81259\"><h4 class=\"fusion-tab-heading\"><i class=\"fontawesome-icon fa fa-video-camera\" aria-hidden=\"true\" style=\"font-size:16px;\"><\/i>CENTRI DI COORDINAMENTO E CONTROLLO<\/h4><\/a><\/li><\/ul><\/div><div class=\"tab-pane fade fusion-clearfix\" role=\"tabpanel\" tabindex=\"0\" aria-labelledby=\"fusion-tab-centridicoordinamentoecontrollo\" id=\"tab-8adad51eb45def81259\">L&#8217;avvenuta istituzione anche in Italia come nel resto d&#8217;Europa di un numero unico per la gestione delle chiamate di emergenza richiama l&#8217;attualit\u00e0 del tema delle rinnovate esigenze tecnologiche che i centri che rispondono alle chiamate di emergenza sono oggi tenute a fronteggiare.<\/p>\n<p>L&#8217;efficienza del coordinamento fra chiamate in ingresso e dispacci alle forze in campo per la risoluzione tempestiva dei problemi segnalati dipende massimamente dalla capacit\u00e0 di analisi immediata della gravit\u00e0 del problema, della disponibilit\u00e0 delle risorse, della capacit\u00e0 di comunicazione con le unit\u00e0 di intervento pi\u00f9 vicine all&#8217;evento da risolvere.<\/div><\/div><\/div><div class=\"fusion-clearfix\"><\/div><\/div><\/div><\/div><\/div><\/p>\n","protected":false},"excerpt":{"rendered":"","protected":false},"author":1,"featured_media":0,"parent":0,"menu_order":0,"comment_status":"closed","ping_status":"closed","template":"","meta":{"footnotes":""},"class_list":["post-12081","page","type-page","status-publish","hentry"],"yoast_head":"<!-- This site is optimized with the Yoast SEO plugin v26.2 - https:\/\/yoast.com\/wordpress\/plugins\/seo\/ -->\n<title>Sicurezza Pubblica - B-SEC<\/title>\n<meta name=\"robots\" content=\"index, follow, max-snippet:-1, max-image-preview:large, max-video-preview:-1\" \/>\n<link rel=\"canonical\" href=\"http:\/\/85.235.140.117\/bsec.it\/public_html\/?page_id=12081\" \/>\n<meta property=\"og:locale\" content=\"it_IT\" \/>\n<meta property=\"og:type\" content=\"article\" \/>\n<meta property=\"og:title\" content=\"Sicurezza Pubblica - B-SEC\" \/>\n<meta property=\"og:url\" content=\"http:\/\/85.235.140.117\/bsec.it\/public_html\/?page_id=12081\" \/>\n<meta property=\"og:site_name\" content=\"B-SEC\" \/>\n<meta property=\"article:modified_time\" content=\"2021-07-28T12:46:33+00:00\" \/>\n<meta name=\"twitter:card\" content=\"summary_large_image\" \/>\n<meta name=\"twitter:label1\" content=\"Tempo di lettura stimato\" \/>\n\t<meta name=\"twitter:data1\" content=\"4 minuti\" \/>\n<script type=\"application\/ld+json\" class=\"yoast-schema-graph\">{\"@context\":\"https:\/\/schema.org\",\"@graph\":[{\"@type\":\"WebPage\",\"@id\":\"http:\/\/85.235.140.117\/bsec.it\/public_html\/?page_id=12081\",\"url\":\"http:\/\/85.235.140.117\/bsec.it\/public_html\/?page_id=12081\",\"name\":\"Sicurezza Pubblica - B-SEC\",\"isPartOf\":{\"@id\":\"https:\/\/www.bsec.it\/#website\"},\"datePublished\":\"2016-07-26T13:04:22+00:00\",\"dateModified\":\"2021-07-28T12:46:33+00:00\",\"breadcrumb\":{\"@id\":\"http:\/\/85.235.140.117\/bsec.it\/public_html\/?page_id=12081#breadcrumb\"},\"inLanguage\":\"it-IT\",\"potentialAction\":[{\"@type\":\"ReadAction\",\"target\":[\"http:\/\/85.235.140.117\/bsec.it\/public_html\/?page_id=12081\"]}]},{\"@type\":\"BreadcrumbList\",\"@id\":\"http:\/\/85.235.140.117\/bsec.it\/public_html\/?page_id=12081#breadcrumb\",\"itemListElement\":[{\"@type\":\"ListItem\",\"position\":1,\"name\":\"Home\",\"item\":\"https:\/\/www.bsec.it\/\"},{\"@type\":\"ListItem\",\"position\":2,\"name\":\"Sicurezza Pubblica\"}]},{\"@type\":\"WebSite\",\"@id\":\"https:\/\/www.bsec.it\/#website\",\"url\":\"https:\/\/www.bsec.it\/\",\"name\":\"B-SEC\",\"description\":\"\",\"potentialAction\":[{\"@type\":\"SearchAction\",\"target\":{\"@type\":\"EntryPoint\",\"urlTemplate\":\"https:\/\/www.bsec.it\/?s={search_term_string}\"},\"query-input\":{\"@type\":\"PropertyValueSpecification\",\"valueRequired\":true,\"valueName\":\"search_term_string\"}}],\"inLanguage\":\"it-IT\"}]}<\/script>\n<!-- \/ Yoast SEO plugin. -->","yoast_head_json":{"title":"Sicurezza Pubblica - B-SEC","robots":{"index":"index","follow":"follow","max-snippet":"max-snippet:-1","max-image-preview":"max-image-preview:large","max-video-preview":"max-video-preview:-1"},"canonical":"http:\/\/85.235.140.117\/bsec.it\/public_html\/?page_id=12081","og_locale":"it_IT","og_type":"article","og_title":"Sicurezza Pubblica - B-SEC","og_url":"http:\/\/85.235.140.117\/bsec.it\/public_html\/?page_id=12081","og_site_name":"B-SEC","article_modified_time":"2021-07-28T12:46:33+00:00","twitter_card":"summary_large_image","twitter_misc":{"Tempo di lettura stimato":"4 minuti"},"schema":{"@context":"https:\/\/schema.org","@graph":[{"@type":"WebPage","@id":"http:\/\/85.235.140.117\/bsec.it\/public_html\/?page_id=12081","url":"http:\/\/85.235.140.117\/bsec.it\/public_html\/?page_id=12081","name":"Sicurezza Pubblica - B-SEC","isPartOf":{"@id":"https:\/\/www.bsec.it\/#website"},"datePublished":"2016-07-26T13:04:22+00:00","dateModified":"2021-07-28T12:46:33+00:00","breadcrumb":{"@id":"http:\/\/85.235.140.117\/bsec.it\/public_html\/?page_id=12081#breadcrumb"},"inLanguage":"it-IT","potentialAction":[{"@type":"ReadAction","target":["http:\/\/85.235.140.117\/bsec.it\/public_html\/?page_id=12081"]}]},{"@type":"BreadcrumbList","@id":"http:\/\/85.235.140.117\/bsec.it\/public_html\/?page_id=12081#breadcrumb","itemListElement":[{"@type":"ListItem","position":1,"name":"Home","item":"https:\/\/www.bsec.it\/"},{"@type":"ListItem","position":2,"name":"Sicurezza Pubblica"}]},{"@type":"WebSite","@id":"https:\/\/www.bsec.it\/#website","url":"https:\/\/www.bsec.it\/","name":"B-SEC","description":"","potentialAction":[{"@type":"SearchAction","target":{"@type":"EntryPoint","urlTemplate":"https:\/\/www.bsec.it\/?s={search_term_string}"},"query-input":{"@type":"PropertyValueSpecification","valueRequired":true,"valueName":"search_term_string"}}],"inLanguage":"it-IT"}]}},"_links":{"self":[{"href":"https:\/\/www.bsec.it\/index.php?rest_route=\/wp\/v2\/pages\/12081","targetHints":{"allow":["GET"]}}],"collection":[{"href":"https:\/\/www.bsec.it\/index.php?rest_route=\/wp\/v2\/pages"}],"about":[{"href":"https:\/\/www.bsec.it\/index.php?rest_route=\/wp\/v2\/types\/page"}],"author":[{"embeddable":true,"href":"https:\/\/www.bsec.it\/index.php?rest_route=\/wp\/v2\/users\/1"}],"replies":[{"embeddable":true,"href":"https:\/\/www.bsec.it\/index.php?rest_route=%2Fwp%2Fv2%2Fcomments&post=12081"}],"version-history":[{"count":8,"href":"https:\/\/www.bsec.it\/index.php?rest_route=\/wp\/v2\/pages\/12081\/revisions"}],"predecessor-version":[{"id":12855,"href":"https:\/\/www.bsec.it\/index.php?rest_route=\/wp\/v2\/pages\/12081\/revisions\/12855"}],"wp:attachment":[{"href":"https:\/\/www.bsec.it\/index.php?rest_route=%2Fwp%2Fv2%2Fmedia&parent=12081"}],"curies":[{"name":"wp","href":"https:\/\/api.w.org\/{rel}","templated":true}]}}