{"id":12332,"date":"2016-08-26T11:09:25","date_gmt":"2016-08-26T09:09:25","guid":{"rendered":"http:\/\/bsec.thetisdemo.com\/?page_id=12332"},"modified":"2021-07-28T14:46:33","modified_gmt":"2021-07-28T12:46:33","slug":"roip","status":"publish","type":"page","link":"https:\/\/www.bsec.it\/?page_id=12332","title":{"rendered":"ROIP"},"content":{"rendered":"<p><div class=\"fusion-fullwidth fullwidth-box fusion-builder-row-1 nonhundred-percent-fullwidth non-hundred-percent-height-scrolling\" style=\"--awb-background-position:left top;--awb-border-radius-top-left:0px;--awb-border-radius-top-right:0px;--awb-border-radius-bottom-right:0px;--awb-border-radius-bottom-left:0px;--awb-padding-top:20px;--awb-border-sizes-top:0px;--awb-border-sizes-bottom:0px;--awb-flex-wrap:wrap;\" ><div class=\"fusion-builder-row fusion-row\"><div class=\"fusion-layout-column fusion_builder_column fusion-builder-column-0 fusion_builder_column_1_1 1_1 fusion-one-full fusion-column-first fusion-column-last\" style=\"--awb-bg-size:cover;\"><div class=\"fusion-column-wrapper fusion-flex-column-wrapper-legacy\"><div class=\"fusion-title title fusion-title-1 fusion-title-center fusion-title-text fusion-title-size-one\"><div class=\"title-sep-container title-sep-container-left\"><div class=\"title-sep sep-double sep-solid\" style=\"border-color:#e0dede;\"><\/div><\/div><span class=\"awb-title-spacer\"><\/span><h1 class=\"fusion-title-heading title-heading-center\" style=\"margin:0;\"><span style=\"color: #011c58;\">ROIP (Radio Over IP)<\/span><\/h1><span class=\"awb-title-spacer\"><\/span><div class=\"title-sep-container title-sep-container-right\"><div class=\"title-sep sep-double sep-solid\" style=\"border-color:#e0dede;\"><\/div><\/div><\/div><div class=\"fusion-text fusion-text-1\"><div style=\"text-align: center;\">\n<p style=\"text-align: justify;\"><strong>S<\/strong>oluzione di integrazione delle funzionalit\u00e0 della tradizionale infrastruttura radio analogica, in esercizio presso le principali forze di polizia, con i moderni strumenti software di supporto alle attivit\u00e0 delle sale operative.<\/p>\n<p style=\"text-align: justify;\"><strong>Radio VHF, voip, digitalizzazione radio, intermaglia ponti radio<\/strong><\/p>\n<\/div>\n<\/div><div class=\"fusion-clearfix\"><\/div><\/div><\/div><\/div><\/div><div class=\"fusion-fullwidth fullwidth-box fusion-builder-row-2 nonhundred-percent-fullwidth non-hundred-percent-height-scrolling\" style=\"--awb-background-position:left top;--awb-border-color:#eaeaea;--awb-border-radius-top-left:0px;--awb-border-radius-top-right:0px;--awb-border-radius-bottom-right:0px;--awb-border-radius-bottom-left:0px;--awb-padding-top:20px;--awb-background-color:#f2f2f2;--awb-border-sizes-top:1px;--awb-border-sizes-bottom:1px;--awb-flex-wrap:wrap;\" ><div class=\"fusion-builder-row fusion-row\"><div class=\"fusion-layout-column fusion_builder_column fusion-builder-column-1 fusion_builder_column_1_2 1_2 fusion-one-half fusion-column-first\" style=\"--awb-bg-size:cover;width:48%; margin-right: 4%;\"><div class=\"fusion-column-wrapper fusion-flex-column-wrapper-legacy\"><div class=\"fusion-text fusion-text-2\"><div style=\"text-align: center;\">\n<p style=\"text-align: justify;\">La tecnologia RoIP permette di instaurare, su una rete che utilizza il protocollo IP, una comunicazione tra un terminale radio analogico ed altri nodi, che possono essere:<\/p>\n<ul>\n<li style=\"text-align: justify;\"><strong>Ulteriori radio<\/strong><\/li>\n<li style=\"text-align: justify;\"><strong>Apparati telefonici tradizionali<\/strong><\/li>\n<li style=\"text-align: justify;\"><strong>Ambienti VoIP<\/strong><\/li>\n<li style=\"text-align: justify;\"><strong>Soft phone<\/strong><\/li>\n<li style=\"text-align: justify;\"><strong>Altri apparati di comunicazione accessibili mediante rete IP<\/strong><\/li>\n<\/ul>\n<\/div>\n<\/div><div class=\"fusion-clearfix\"><\/div><\/div><\/div><div class=\"fusion-layout-column fusion_builder_column fusion-builder-column-2 fusion_builder_column_1_2 1_2 fusion-one-half fusion-column-last\" style=\"--awb-bg-size:cover;width:48%;\"><div class=\"fusion-column-wrapper fusion-flex-column-wrapper-legacy\"><div class=\"fusion-text fusion-text-3\"><div style=\"text-align: center;\">\n<p style=\"text-align: justify;\">Di seguito le principali potenzialit\u00e0:<\/p>\n<ul>\n<li style=\"text-align: justify;\"><strong>Decodifica ed iniezione nei flussi VoIP dei codici oerativi (selettiva o Zvei)<\/strong><\/li>\n<li style=\"text-align: justify;\"><strong>Comunicazione full Duplex<\/strong><\/li>\n<li style=\"text-align: justify;\"><strong>Registrazione on-board delle comunicazioni radio<\/strong><\/li>\n<li style=\"text-align: justify;\"><strong>Banda dati ed anagrafica dei terminali<\/strong><\/li>\n<li style=\"text-align: justify;\"><strong>Interconnessione fra maglie radio con possibilit\u00e0 di comunicazione fra pi\u00f9 terminali on-site<\/strong><\/li>\n<\/ul>\n<\/div>\n<\/div><div class=\"fusion-clearfix\"><\/div><\/div><\/div><\/div><\/div><div class=\"fusion-fullwidth fullwidth-box fusion-builder-row-3 nonhundred-percent-fullwidth non-hundred-percent-height-scrolling\" style=\"--awb-background-position:left top;--awb-border-radius-top-left:0px;--awb-border-radius-top-right:0px;--awb-border-radius-bottom-right:0px;--awb-border-radius-bottom-left:0px;--awb-padding-top:20px;--awb-flex-wrap:wrap;\" ><div class=\"fusion-builder-row fusion-row\"><div class=\"fusion-layout-column fusion_builder_column fusion-builder-column-3 fusion_builder_column_1_1 1_1 fusion-one-full fusion-column-first fusion-column-last\" style=\"--awb-bg-size:cover;\"><div class=\"fusion-column-wrapper fusion-flex-column-wrapper-legacy\"><div class=\"fusion-text fusion-text-4\"><div style=\"text-align: center;\">\n<p style=\"text-align: justify;\">La soluzione prevede la conversione tramite un apposito gateway dei segnali half-duplex tipici dei sistemi radio VHF analogici in un flusso audio VOIP. La conversione delle comunicazioni radio in flussi IP consente la gestione integrata nei sistemi software presenti nelle sale operative sia dei segnali provenienti dalla rete emergenza che quelli di comunicazione con le auto pattuglie ed i terminali radio analogici.<\/p>\n<p style=\"text-align: justify;\">Il sistema \u00e8 composto da una componente hardware, il gateway RoIP denominato Red-Box mod. BYS-BX2771, che converte i segnali analogici delle radio serie VP80 in flussi dati IP e da una componente software per la sua gestione ed utilizzo.<\/p>\n<\/div>\n<\/div><div class=\"fusion-clearfix\"><\/div><\/div><\/div><\/div><\/div><div class=\"fusion-fullwidth fullwidth-box fusion-builder-row-4 nonhundred-percent-fullwidth non-hundred-percent-height-scrolling\" style=\"--awb-background-position:left top;--awb-border-radius-top-left:0px;--awb-border-radius-top-right:0px;--awb-border-radius-bottom-right:0px;--awb-border-radius-bottom-left:0px;--awb-padding-top:10px;--awb-padding-bottom:10px;--awb-flex-wrap:wrap;\" ><div class=\"fusion-builder-row fusion-row\"><div class=\"fusion-layout-column fusion_builder_column fusion-builder-column-4 fusion_builder_column_1_1 1_1 fusion-one-full fusion-column-first fusion-column-last fusion-column-no-min-height\" style=\"--awb-bg-size:cover;--awb-margin-bottom:0px;\"><div class=\"fusion-column-wrapper fusion-flex-column-wrapper-legacy\"><div class=\"fusion-image-element fusion-image-align-center in-legacy-container\" style=\"text-align:center;--awb-caption-title-font-family:var(--h2_typography-font-family);--awb-caption-title-font-weight:var(--h2_typography-font-weight);--awb-caption-title-font-style:var(--h2_typography-font-style);--awb-caption-title-size:var(--h2_typography-font-size);--awb-caption-title-transform:var(--h2_typography-text-transform);--awb-caption-title-line-height:var(--h2_typography-line-height);--awb-caption-title-letter-spacing:var(--h2_typography-letter-spacing);\"><div class=\"imageframe-align-center\"><span class=\" fusion-imageframe imageframe-none imageframe-1 hover-type-none\"><img decoding=\"async\" width=\"704\" height=\"134\" title=\"roip_1\" src=\"https:\/\/www.bsec.it\/wp-content\/uploads\/2016\/08\/roip_1.jpg\" alt class=\"img-responsive wp-image-12335\" srcset=\"https:\/\/www.bsec.it\/wp-content\/uploads\/2016\/08\/roip_1-200x38.jpg 200w, https:\/\/www.bsec.it\/wp-content\/uploads\/2016\/08\/roip_1-400x76.jpg 400w, https:\/\/www.bsec.it\/wp-content\/uploads\/2016\/08\/roip_1-600x114.jpg 600w, https:\/\/www.bsec.it\/wp-content\/uploads\/2016\/08\/roip_1.jpg 704w\" sizes=\"(max-width: 800px) 100vw, 704px\" \/><\/span><\/div><\/div><div class=\"fusion-clearfix\"><\/div><\/div><\/div><\/div><\/div><div class=\"fusion-fullwidth fullwidth-box fusion-builder-row-5 nonhundred-percent-fullwidth non-hundred-percent-height-scrolling\" style=\"--awb-background-position:left top;--awb-border-radius-top-left:0px;--awb-border-radius-top-right:0px;--awb-border-radius-bottom-right:0px;--awb-border-radius-bottom-left:0px;--awb-padding-top:20px;--awb-flex-wrap:wrap;\" ><div class=\"fusion-builder-row fusion-row\"><div class=\"fusion-layout-column fusion_builder_column fusion-builder-column-5 fusion_builder_column_1_1 1_1 fusion-one-full fusion-column-first fusion-column-last\" style=\"--awb-bg-size:cover;\"><div class=\"fusion-column-wrapper fusion-flex-column-wrapper-legacy\"><div class=\"fusion-text fusion-text-5\"><div style=\"text-align: center;\">\n<p style=\"text-align: justify;\">Il gateway RedBox offre una gestione applicativa semplice ed intuitiva delle principali funzioni tipiche di un environment radio come di seguito riportate :<\/p>\n<ul>\n<li style=\"text-align: justify;\"><strong>gestione del PTT (Push to Talk),<\/strong><\/li>\n<li style=\"text-align: justify;\"><strong>decodifica della selettiva identificativa del terminale di comunicazione<\/strong><\/li>\n<li style=\"text-align: justify;\"><strong>cambio canale tramite la componente software integrabile in applicazioni terze parti<\/strong><\/li>\n<li style=\"text-align: justify;\"><strong>gestione livello di Crypto<\/strong><\/li>\n<\/ul>\n<\/div>\n<\/div><div class=\"fusion-clearfix\"><\/div><\/div><\/div><\/div><\/div><div class=\"fusion-fullwidth fullwidth-box fusion-builder-row-6 nonhundred-percent-fullwidth non-hundred-percent-height-scrolling\" style=\"--awb-background-position:left top;--awb-border-color:#eaeaea;--awb-border-radius-top-left:0px;--awb-border-radius-top-right:0px;--awb-border-radius-bottom-right:0px;--awb-border-radius-bottom-left:0px;--awb-padding-top:20px;--awb-padding-bottom:20px;--awb-background-color:#f2f2f2;--awb-border-sizes-top:1px;--awb-border-sizes-bottom:1px;--awb-flex-wrap:wrap;\" ><div class=\"fusion-builder-row fusion-row\"><div class=\"fusion-layout-column fusion_builder_column fusion-builder-column-6 fusion_builder_column_1_2 1_2 fusion-one-half fusion-column-first\" style=\"--awb-bg-size:cover;width:48%; margin-right: 4%;\"><div class=\"fusion-column-wrapper fusion-flex-column-wrapper-legacy\"><div class=\"fusion-text fusion-text-6\"><div style=\"text-align: center;\">\n<p style=\"text-align: justify;\">L\u2019unit\u00e0 \u00e8 configurata per alloggiare pi\u00f9 canali radio rendendoli applicativamente disponibili ad un competente software che provveder\u00e0 a comunicare ed inviare i comandi alle radio tramite il protocollo di comunicazione SIP.<\/p>\n<p style=\"text-align: justify;\">L\u2019applicativo software\u00a0 \u00e8 costituito dai seguenti moduli:<\/p>\n<p style=\"text-align: justify;\"><strong>Backend<\/strong>: In esecuzione a bordo della RedBox, ospita tutte le componenti software finalizzate al coordinamento delle componenti del sistema.<\/p>\n<p style=\"text-align: justify;\"><strong>Frontend<\/strong>: \u00e8 una applicazione standalone che costituisce l\u2019interfaccia utente del sistema, da esso \u00e8 possibile controllare tutte le radio configurate nel sito, ed intervenire sulle loro configurazioni.<\/p>\n<p style=\"text-align: justify;\"><strong>Console di Amministrazione<\/strong>: Si tratta una applicazione web destinata alla configurazione del sistema.<\/p>\n<\/div>\n<\/div><div class=\"fusion-clearfix\"><\/div><\/div><\/div><div class=\"fusion-layout-column fusion_builder_column fusion-builder-column-7 fusion_builder_column_1_2 1_2 fusion-one-half fusion-column-last\" style=\"--awb-bg-size:cover;width:48%;\"><div class=\"fusion-column-wrapper fusion-flex-column-wrapper-legacy\"><div class=\"fusion-image-element fusion-image-align-center in-legacy-container\" style=\"text-align:center;--awb-caption-title-font-family:var(--h2_typography-font-family);--awb-caption-title-font-weight:var(--h2_typography-font-weight);--awb-caption-title-font-style:var(--h2_typography-font-style);--awb-caption-title-size:var(--h2_typography-font-size);--awb-caption-title-transform:var(--h2_typography-text-transform);--awb-caption-title-line-height:var(--h2_typography-line-height);--awb-caption-title-letter-spacing:var(--h2_typography-letter-spacing);\"><div class=\"imageframe-align-center\"><span class=\" fusion-imageframe imageframe-none imageframe-2 hover-type-none\"><img decoding=\"async\" width=\"688\" height=\"480\" title=\"roip_2\" src=\"https:\/\/www.bsec.it\/wp-content\/uploads\/2016\/08\/roip_2.jpg\" alt class=\"img-responsive wp-image-12343\" srcset=\"https:\/\/www.bsec.it\/wp-content\/uploads\/2016\/08\/roip_2-200x140.jpg 200w, https:\/\/www.bsec.it\/wp-content\/uploads\/2016\/08\/roip_2-400x279.jpg 400w, https:\/\/www.bsec.it\/wp-content\/uploads\/2016\/08\/roip_2-600x419.jpg 600w, https:\/\/www.bsec.it\/wp-content\/uploads\/2016\/08\/roip_2.jpg 688w\" sizes=\"(max-width: 800px) 100vw, 600px\" \/><\/span><\/div><\/div><div class=\"fusion-clearfix\"><\/div><\/div><\/div><\/div><\/div><\/p>\n","protected":false},"excerpt":{"rendered":"","protected":false},"author":1,"featured_media":0,"parent":0,"menu_order":0,"comment_status":"closed","ping_status":"closed","template":"100-width.php","meta":{"footnotes":""},"class_list":["post-12332","page","type-page","status-publish","hentry"],"yoast_head":"<!-- This site is optimized with the Yoast SEO plugin v26.2 - https:\/\/yoast.com\/wordpress\/plugins\/seo\/ -->\n<title>ROIP - B-SEC<\/title>\n<meta name=\"robots\" content=\"index, follow, max-snippet:-1, max-image-preview:large, max-video-preview:-1\" \/>\n<link rel=\"canonical\" href=\"http:\/\/85.235.140.117\/bsec.it\/public_html\/?page_id=12332\" \/>\n<meta property=\"og:locale\" content=\"it_IT\" \/>\n<meta property=\"og:type\" content=\"article\" \/>\n<meta property=\"og:title\" content=\"ROIP - B-SEC\" \/>\n<meta property=\"og:url\" content=\"http:\/\/85.235.140.117\/bsec.it\/public_html\/?page_id=12332\" \/>\n<meta property=\"og:site_name\" content=\"B-SEC\" \/>\n<meta property=\"article:modified_time\" content=\"2021-07-28T12:46:33+00:00\" \/>\n<meta property=\"og:image\" content=\"https:\/\/www.bsec.it\/wp-content\/uploads\/2016\/08\/roip_1.jpg\" \/>\n<meta name=\"twitter:card\" content=\"summary_large_image\" \/>\n<meta name=\"twitter:label1\" content=\"Tempo di lettura stimato\" \/>\n\t<meta name=\"twitter:data1\" content=\"8 minuti\" \/>\n<script type=\"application\/ld+json\" class=\"yoast-schema-graph\">{\"@context\":\"https:\/\/schema.org\",\"@graph\":[{\"@type\":\"WebPage\",\"@id\":\"http:\/\/85.235.140.117\/bsec.it\/public_html\/?page_id=12332\",\"url\":\"http:\/\/85.235.140.117\/bsec.it\/public_html\/?page_id=12332\",\"name\":\"ROIP - B-SEC\",\"isPartOf\":{\"@id\":\"https:\/\/www.bsec.it\/#website\"},\"primaryImageOfPage\":{\"@id\":\"http:\/\/85.235.140.117\/bsec.it\/public_html\/?page_id=12332#primaryimage\"},\"image\":{\"@id\":\"http:\/\/85.235.140.117\/bsec.it\/public_html\/?page_id=12332#primaryimage\"},\"thumbnailUrl\":\"https:\/\/www.bsec.it\/wp-content\/uploads\/2016\/08\/roip_1.jpg\",\"datePublished\":\"2016-08-26T09:09:25+00:00\",\"dateModified\":\"2021-07-28T12:46:33+00:00\",\"breadcrumb\":{\"@id\":\"http:\/\/85.235.140.117\/bsec.it\/public_html\/?page_id=12332#breadcrumb\"},\"inLanguage\":\"it-IT\",\"potentialAction\":[{\"@type\":\"ReadAction\",\"target\":[\"http:\/\/85.235.140.117\/bsec.it\/public_html\/?page_id=12332\"]}]},{\"@type\":\"ImageObject\",\"inLanguage\":\"it-IT\",\"@id\":\"http:\/\/85.235.140.117\/bsec.it\/public_html\/?page_id=12332#primaryimage\",\"url\":\"https:\/\/www.bsec.it\/wp-content\/uploads\/2016\/08\/roip_1.jpg\",\"contentUrl\":\"https:\/\/www.bsec.it\/wp-content\/uploads\/2016\/08\/roip_1.jpg\",\"width\":704,\"height\":134},{\"@type\":\"BreadcrumbList\",\"@id\":\"http:\/\/85.235.140.117\/bsec.it\/public_html\/?page_id=12332#breadcrumb\",\"itemListElement\":[{\"@type\":\"ListItem\",\"position\":1,\"name\":\"Home\",\"item\":\"https:\/\/www.bsec.it\/\"},{\"@type\":\"ListItem\",\"position\":2,\"name\":\"ROIP\"}]},{\"@type\":\"WebSite\",\"@id\":\"https:\/\/www.bsec.it\/#website\",\"url\":\"https:\/\/www.bsec.it\/\",\"name\":\"B-SEC\",\"description\":\"\",\"potentialAction\":[{\"@type\":\"SearchAction\",\"target\":{\"@type\":\"EntryPoint\",\"urlTemplate\":\"https:\/\/www.bsec.it\/?s={search_term_string}\"},\"query-input\":{\"@type\":\"PropertyValueSpecification\",\"valueRequired\":true,\"valueName\":\"search_term_string\"}}],\"inLanguage\":\"it-IT\"}]}<\/script>\n<!-- \/ Yoast SEO plugin. -->","yoast_head_json":{"title":"ROIP - B-SEC","robots":{"index":"index","follow":"follow","max-snippet":"max-snippet:-1","max-image-preview":"max-image-preview:large","max-video-preview":"max-video-preview:-1"},"canonical":"http:\/\/85.235.140.117\/bsec.it\/public_html\/?page_id=12332","og_locale":"it_IT","og_type":"article","og_title":"ROIP - B-SEC","og_url":"http:\/\/85.235.140.117\/bsec.it\/public_html\/?page_id=12332","og_site_name":"B-SEC","article_modified_time":"2021-07-28T12:46:33+00:00","og_image":[{"url":"https:\/\/www.bsec.it\/wp-content\/uploads\/2016\/08\/roip_1.jpg","type":"","width":"","height":""}],"twitter_card":"summary_large_image","twitter_misc":{"Tempo di lettura stimato":"8 minuti"},"schema":{"@context":"https:\/\/schema.org","@graph":[{"@type":"WebPage","@id":"http:\/\/85.235.140.117\/bsec.it\/public_html\/?page_id=12332","url":"http:\/\/85.235.140.117\/bsec.it\/public_html\/?page_id=12332","name":"ROIP - B-SEC","isPartOf":{"@id":"https:\/\/www.bsec.it\/#website"},"primaryImageOfPage":{"@id":"http:\/\/85.235.140.117\/bsec.it\/public_html\/?page_id=12332#primaryimage"},"image":{"@id":"http:\/\/85.235.140.117\/bsec.it\/public_html\/?page_id=12332#primaryimage"},"thumbnailUrl":"https:\/\/www.bsec.it\/wp-content\/uploads\/2016\/08\/roip_1.jpg","datePublished":"2016-08-26T09:09:25+00:00","dateModified":"2021-07-28T12:46:33+00:00","breadcrumb":{"@id":"http:\/\/85.235.140.117\/bsec.it\/public_html\/?page_id=12332#breadcrumb"},"inLanguage":"it-IT","potentialAction":[{"@type":"ReadAction","target":["http:\/\/85.235.140.117\/bsec.it\/public_html\/?page_id=12332"]}]},{"@type":"ImageObject","inLanguage":"it-IT","@id":"http:\/\/85.235.140.117\/bsec.it\/public_html\/?page_id=12332#primaryimage","url":"https:\/\/www.bsec.it\/wp-content\/uploads\/2016\/08\/roip_1.jpg","contentUrl":"https:\/\/www.bsec.it\/wp-content\/uploads\/2016\/08\/roip_1.jpg","width":704,"height":134},{"@type":"BreadcrumbList","@id":"http:\/\/85.235.140.117\/bsec.it\/public_html\/?page_id=12332#breadcrumb","itemListElement":[{"@type":"ListItem","position":1,"name":"Home","item":"https:\/\/www.bsec.it\/"},{"@type":"ListItem","position":2,"name":"ROIP"}]},{"@type":"WebSite","@id":"https:\/\/www.bsec.it\/#website","url":"https:\/\/www.bsec.it\/","name":"B-SEC","description":"","potentialAction":[{"@type":"SearchAction","target":{"@type":"EntryPoint","urlTemplate":"https:\/\/www.bsec.it\/?s={search_term_string}"},"query-input":{"@type":"PropertyValueSpecification","valueRequired":true,"valueName":"search_term_string"}}],"inLanguage":"it-IT"}]}},"_links":{"self":[{"href":"https:\/\/www.bsec.it\/index.php?rest_route=\/wp\/v2\/pages\/12332","targetHints":{"allow":["GET"]}}],"collection":[{"href":"https:\/\/www.bsec.it\/index.php?rest_route=\/wp\/v2\/pages"}],"about":[{"href":"https:\/\/www.bsec.it\/index.php?rest_route=\/wp\/v2\/types\/page"}],"author":[{"embeddable":true,"href":"https:\/\/www.bsec.it\/index.php?rest_route=\/wp\/v2\/users\/1"}],"replies":[{"embeddable":true,"href":"https:\/\/www.bsec.it\/index.php?rest_route=%2Fwp%2Fv2%2Fcomments&post=12332"}],"version-history":[{"count":14,"href":"https:\/\/www.bsec.it\/index.php?rest_route=\/wp\/v2\/pages\/12332\/revisions"}],"predecessor-version":[{"id":12853,"href":"https:\/\/www.bsec.it\/index.php?rest_route=\/wp\/v2\/pages\/12332\/revisions\/12853"}],"wp:attachment":[{"href":"https:\/\/www.bsec.it\/index.php?rest_route=%2Fwp%2Fv2%2Fmedia&parent=12332"}],"curies":[{"name":"wp","href":"https:\/\/api.w.org\/{rel}","templated":true}]}}