{"id":12350,"date":"2016-08-26T12:04:47","date_gmt":"2016-08-26T10:04:47","guid":{"rendered":"http:\/\/bsec.thetisdemo.com\/?page_id=12350"},"modified":"2021-07-28T14:46:33","modified_gmt":"2021-07-28T12:46:33","slug":"iss-3","status":"publish","type":"page","link":"https:\/\/www.bsec.it\/?page_id=12350","title":{"rendered":"ISS"},"content":{"rendered":"<p><div class=\"fusion-fullwidth fullwidth-box fusion-builder-row-1 nonhundred-percent-fullwidth non-hundred-percent-height-scrolling\" style=\"--awb-background-position:left top;--awb-border-radius-top-left:0px;--awb-border-radius-top-right:0px;--awb-border-radius-bottom-right:0px;--awb-border-radius-bottom-left:0px;--awb-padding-top:20px;--awb-padding-bottom:3px;--awb-border-sizes-top:0px;--awb-border-sizes-bottom:0px;--awb-flex-wrap:wrap;\" ><div class=\"fusion-builder-row fusion-row\"><div class=\"fusion-layout-column fusion_builder_column fusion-builder-column-0 fusion_builder_column_1_1 1_1 fusion-one-full fusion-column-first fusion-column-last\" style=\"--awb-bg-size:cover;\"><div class=\"fusion-column-wrapper fusion-flex-column-wrapper-legacy\"><div class=\"fusion-title title fusion-title-1 fusion-title-center fusion-title-text fusion-title-size-one\"><div class=\"title-sep-container title-sep-container-left\"><div class=\"title-sep sep-double sep-solid\" style=\"border-color:#e0dede;\"><\/div><\/div><span class=\"awb-title-spacer\"><\/span><h1 class=\"fusion-title-heading title-heading-center\" style=\"margin:0;\">ISS (Integrated Security Sistem)<\/h1><span class=\"awb-title-spacer\"><\/span><div class=\"title-sep-container title-sep-container-right\"><div class=\"title-sep sep-double sep-solid\" style=\"border-color:#e0dede;\"><\/div><\/div><\/div><div class=\"fusion-text fusion-text-1\"><div style=\"text-align: center;\">\n<p>SISTEMA INTEGRATO PER IL MONITORAGGIO E LA SICUREZZA FISICA DI SITI SENSIBILI. \u00a0<strong>PSIM (PHYSICAL SECURITY INFORMATION MANAGEMENT)<\/strong><\/p>\n<\/div>\n<\/div><div class=\"fusion-clearfix\"><\/div><\/div><\/div><\/div><\/div><div class=\"fusion-fullwidth fullwidth-box fusion-builder-row-2 nonhundred-percent-fullwidth non-hundred-percent-height-scrolling\" style=\"--awb-background-position:left top;--awb-border-color:#eaeaea;--awb-border-radius-top-left:0px;--awb-border-radius-top-right:0px;--awb-border-radius-bottom-right:0px;--awb-border-radius-bottom-left:0px;--awb-padding-top:20px;--awb-background-color:#f2f2f2;--awb-border-sizes-top:1px;--awb-border-sizes-bottom:1px;--awb-flex-wrap:wrap;\" ><div class=\"fusion-builder-row fusion-row\"><div class=\"fusion-layout-column fusion_builder_column fusion-builder-column-1 fusion_builder_column_1_1 1_1 fusion-one-full fusion-column-first fusion-column-last\" style=\"--awb-bg-size:cover;\"><div class=\"fusion-column-wrapper fusion-flex-column-wrapper-legacy\"><div class=\"fusion-text fusion-text-2\"><div style=\"text-align: center;\">\n<p style=\"text-align: justify;\"><strong>Il sistema ISS \u00e8 una piattaforma applicativa progettata per il monitoraggio centralizzato di siti sensibili e per la gestione in tempo reale di tutte le informazioni (segnalazioni, flussi video ed audio, radio, ecc..) provenienti \u00a0dalle sorgenti multimediali eterogenee impiegate per il controllo e la sorveglianza che vengono rese disponibili in maniera semplice ed omogenea agli operatori dedicati al controllo.<\/strong><\/p>\n<p style=\"text-align: justify;\">Il sistema \u00e8 stato progettato seguendo criteri di disponibilit\u00e0, stabilit\u00e0 e scalabilit\u00e0 e per rendere possibile la gestione di \u00a0installazioni molto complesse, distribuite sul territorio e con competenze diversificate.<\/p>\n<\/div>\n<\/div><div class=\"fusion-clearfix\"><\/div><\/div><\/div><\/div><\/div><div class=\"fusion-fullwidth fullwidth-box fusion-builder-row-3 nonhundred-percent-fullwidth non-hundred-percent-height-scrolling\" style=\"--awb-background-position:left top;--awb-border-radius-top-left:0px;--awb-border-radius-top-right:0px;--awb-border-radius-bottom-right:0px;--awb-border-radius-bottom-left:0px;--awb-padding-top:20px;--awb-padding-bottom:20px;--awb-flex-wrap:wrap;\" ><div class=\"fusion-builder-row fusion-row\"><div class=\"fusion-layout-column fusion_builder_column fusion-builder-column-2 fusion_builder_column_1_1 1_1 fusion-one-full fusion-column-first fusion-column-last fusion-column-no-min-height\" style=\"--awb-bg-size:cover;--awb-margin-bottom:0px;\"><div class=\"fusion-column-wrapper fusion-flex-column-wrapper-legacy\"><div class=\"fusion-image-element fusion-image-align-center in-legacy-container\" style=\"text-align:center;--awb-caption-title-font-family:var(--h2_typography-font-family);--awb-caption-title-font-weight:var(--h2_typography-font-weight);--awb-caption-title-font-style:var(--h2_typography-font-style);--awb-caption-title-size:var(--h2_typography-font-size);--awb-caption-title-transform:var(--h2_typography-text-transform);--awb-caption-title-line-height:var(--h2_typography-line-height);--awb-caption-title-letter-spacing:var(--h2_typography-letter-spacing);\"><div class=\"imageframe-align-center\"><span class=\" fusion-imageframe imageframe-none imageframe-1 hover-type-none\"><img decoding=\"async\" width=\"1100\" height=\"639\" title=\"Senza titolo-1\" src=\"https:\/\/www.bsec.it\/wp-content\/uploads\/2016\/08\/Senza-titolo-1-1.jpg\" alt class=\"img-responsive wp-image-12394\" srcset=\"https:\/\/www.bsec.it\/wp-content\/uploads\/2016\/08\/Senza-titolo-1-1-200x116.jpg 200w, https:\/\/www.bsec.it\/wp-content\/uploads\/2016\/08\/Senza-titolo-1-1-400x232.jpg 400w, https:\/\/www.bsec.it\/wp-content\/uploads\/2016\/08\/Senza-titolo-1-1-600x349.jpg 600w, https:\/\/www.bsec.it\/wp-content\/uploads\/2016\/08\/Senza-titolo-1-1-800x465.jpg 800w, https:\/\/www.bsec.it\/wp-content\/uploads\/2016\/08\/Senza-titolo-1-1.jpg 1100w\" sizes=\"(max-width: 800px) 100vw, 1100px\" \/><\/span><\/div><\/div><div class=\"fusion-clearfix\"><\/div><\/div><\/div><\/div><\/div><div class=\"fusion-fullwidth fullwidth-box fusion-builder-row-4 nonhundred-percent-fullwidth non-hundred-percent-height-scrolling\" style=\"--awb-background-position:left top;--awb-border-radius-top-left:0px;--awb-border-radius-top-right:0px;--awb-border-radius-bottom-right:0px;--awb-border-radius-bottom-left:0px;--awb-padding-top:10px;--awb-padding-bottom:20px;--awb-border-sizes-top:0px;--awb-border-sizes-bottom:0px;--awb-flex-wrap:wrap;\" ><div class=\"fusion-builder-row fusion-row\"><div class=\"fusion-layout-column fusion_builder_column fusion-builder-column-3 fusion_builder_column_1_1 1_1 fusion-one-full fusion-column-first fusion-column-last fusion-column-no-min-height\" style=\"--awb-bg-size:cover;--awb-margin-bottom:0px;\"><div class=\"fusion-column-wrapper fusion-flex-column-wrapper-legacy\"><div class=\"fusion-sep-clear\"><\/div><div class=\"fusion-separator fusion-full-width-sep\" style=\"margin-left: auto;margin-right: auto;width:100%;\"><div class=\"fusion-separator-border sep-single sep-solid\" style=\"--awb-height:20px;--awb-amount:20px;--awb-sep-color:#dbdbdb;border-color:#dbdbdb;border-top-width:1px;\"><\/div><\/div><div class=\"fusion-sep-clear\"><\/div><div class=\"fusion-clearfix\"><\/div><\/div><\/div><\/div><\/div><div class=\"fusion-fullwidth fullwidth-box fusion-builder-row-5 nonhundred-percent-fullwidth non-hundred-percent-height-scrolling\" style=\"--awb-background-position:left top;--awb-border-radius-top-left:0px;--awb-border-radius-top-right:0px;--awb-border-radius-bottom-right:0px;--awb-border-radius-bottom-left:0px;--awb-padding-top:20px;--awb-padding-bottom:20px;--awb-flex-wrap:wrap;\" ><div class=\"fusion-builder-row fusion-row\"><div class=\"fusion-layout-column fusion_builder_column fusion-builder-column-4 fusion_builder_column_1_2 1_2 fusion-one-half fusion-column-first\" style=\"--awb-bg-size:cover;width:48%; margin-right: 4%;\"><div class=\"fusion-column-wrapper fusion-flex-column-wrapper-legacy\"><div class=\"fusion-text fusion-text-3\"><div style=\"text-align: center;\">\n<p style=\"text-align: justify;\">L\u2019interfaccia operatore \u00e8 stata sviluppata tenendo conto delle seguenti caratteristiche:<\/p>\n<ul>\n<li style=\"text-align: justify;\"><strong>omogeneit\u00e0: possibilit\u00e0 di replicare l&#8217;IU nella maniera pi\u00f9 simile possibile su diverse tipologie di dispositivi quale PC e video wall.<\/strong><\/li>\n<li style=\"text-align: justify;\"><strong>semplicit\u00e0: stabilit\u00e0 ergonomica e funzionale, sistemi di help contestuali<\/strong><\/li>\n<li style=\"text-align: justify;\"><strong>velocit\u00e0: accesso rapido e diretto ad ogni risorsa disponibile nel sistema (ad esempio attraverso la casella cerca o la selezione cartografica)<\/strong><\/li>\n<li style=\"text-align: justify;\"><strong>scalabilit\u00e0: livelli diversi di presentazione delle informazioni regolati dal profilo dell&#8217;utente, da sistemi di gestione delle priorit\u00e0 sia automatici che manuali (es. Tasti + e -)<\/strong><\/li>\n<li style=\"text-align: justify;\"><strong>multiprospettivit\u00e0: viste operative, ortografiche, topografiche, live, ecc. personalizzabili.<\/strong><\/li>\n<\/ul>\n<\/div>\n<\/div><div class=\"fusion-clearfix\"><\/div><\/div><\/div><div class=\"fusion-layout-column fusion_builder_column fusion-builder-column-5 fusion_builder_column_1_2 1_2 fusion-one-half fusion-column-last\" style=\"--awb-bg-size:cover;width:48%;\"><div class=\"fusion-column-wrapper fusion-flex-column-wrapper-legacy\"><div class=\"fusion-image-element fusion-image-align-center in-legacy-container\" style=\"text-align:center;--awb-caption-title-font-family:var(--h2_typography-font-family);--awb-caption-title-font-weight:var(--h2_typography-font-weight);--awb-caption-title-font-style:var(--h2_typography-font-style);--awb-caption-title-size:var(--h2_typography-font-size);--awb-caption-title-transform:var(--h2_typography-text-transform);--awb-caption-title-line-height:var(--h2_typography-line-height);--awb-caption-title-letter-spacing:var(--h2_typography-letter-spacing);\"><div class=\"imageframe-align-center\"><span class=\" fusion-imageframe imageframe-none imageframe-2 hover-type-none\"><img decoding=\"async\" width=\"456\" height=\"289\" title=\"iss_2\" src=\"https:\/\/www.bsec.it\/wp-content\/uploads\/2016\/08\/iss_2-1.jpg\" alt class=\"img-responsive wp-image-12400\" srcset=\"https:\/\/www.bsec.it\/wp-content\/uploads\/2016\/08\/iss_2-1-200x127.jpg 200w, https:\/\/www.bsec.it\/wp-content\/uploads\/2016\/08\/iss_2-1-400x254.jpg 400w, https:\/\/www.bsec.it\/wp-content\/uploads\/2016\/08\/iss_2-1.jpg 456w\" sizes=\"(max-width: 800px) 100vw, 456px\" \/><\/span><\/div><\/div><div class=\"fusion-clearfix\"><\/div><\/div><\/div><\/div><\/div><\/p>\n","protected":false},"excerpt":{"rendered":"","protected":false},"author":1,"featured_media":0,"parent":0,"menu_order":0,"comment_status":"closed","ping_status":"closed","template":"100-width.php","meta":{"footnotes":""},"class_list":["post-12350","page","type-page","status-publish","hentry"],"yoast_head":"<!-- This site is optimized with the Yoast SEO plugin v26.2 - https:\/\/yoast.com\/wordpress\/plugins\/seo\/ -->\n<title>ISS - B-SEC<\/title>\n<meta name=\"robots\" content=\"index, follow, max-snippet:-1, max-image-preview:large, max-video-preview:-1\" \/>\n<link rel=\"canonical\" href=\"http:\/\/85.235.140.117\/bsec.it\/public_html\/?page_id=12350\" \/>\n<meta property=\"og:locale\" content=\"it_IT\" \/>\n<meta property=\"og:type\" content=\"article\" \/>\n<meta property=\"og:title\" content=\"ISS - B-SEC\" \/>\n<meta property=\"og:url\" content=\"http:\/\/85.235.140.117\/bsec.it\/public_html\/?page_id=12350\" \/>\n<meta property=\"og:site_name\" content=\"B-SEC\" \/>\n<meta property=\"article:modified_time\" content=\"2021-07-28T12:46:33+00:00\" \/>\n<meta property=\"og:image\" content=\"https:\/\/www.bsec.it\/wp-content\/uploads\/2016\/08\/Senza-titolo-1-1.jpg\" \/>\n<meta name=\"twitter:card\" content=\"summary_large_image\" \/>\n<meta name=\"twitter:label1\" content=\"Tempo di lettura stimato\" \/>\n\t<meta name=\"twitter:data1\" content=\"6 minuti\" \/>\n<script type=\"application\/ld+json\" class=\"yoast-schema-graph\">{\"@context\":\"https:\/\/schema.org\",\"@graph\":[{\"@type\":\"WebPage\",\"@id\":\"http:\/\/85.235.140.117\/bsec.it\/public_html\/?page_id=12350\",\"url\":\"http:\/\/85.235.140.117\/bsec.it\/public_html\/?page_id=12350\",\"name\":\"ISS - B-SEC\",\"isPartOf\":{\"@id\":\"https:\/\/www.bsec.it\/#website\"},\"primaryImageOfPage\":{\"@id\":\"http:\/\/85.235.140.117\/bsec.it\/public_html\/?page_id=12350#primaryimage\"},\"image\":{\"@id\":\"http:\/\/85.235.140.117\/bsec.it\/public_html\/?page_id=12350#primaryimage\"},\"thumbnailUrl\":\"https:\/\/www.bsec.it\/wp-content\/uploads\/2016\/08\/Senza-titolo-1-1.jpg\",\"datePublished\":\"2016-08-26T10:04:47+00:00\",\"dateModified\":\"2021-07-28T12:46:33+00:00\",\"breadcrumb\":{\"@id\":\"http:\/\/85.235.140.117\/bsec.it\/public_html\/?page_id=12350#breadcrumb\"},\"inLanguage\":\"it-IT\",\"potentialAction\":[{\"@type\":\"ReadAction\",\"target\":[\"http:\/\/85.235.140.117\/bsec.it\/public_html\/?page_id=12350\"]}]},{\"@type\":\"ImageObject\",\"inLanguage\":\"it-IT\",\"@id\":\"http:\/\/85.235.140.117\/bsec.it\/public_html\/?page_id=12350#primaryimage\",\"url\":\"https:\/\/www.bsec.it\/wp-content\/uploads\/2016\/08\/Senza-titolo-1-1.jpg\",\"contentUrl\":\"https:\/\/www.bsec.it\/wp-content\/uploads\/2016\/08\/Senza-titolo-1-1.jpg\",\"width\":1100,\"height\":639},{\"@type\":\"BreadcrumbList\",\"@id\":\"http:\/\/85.235.140.117\/bsec.it\/public_html\/?page_id=12350#breadcrumb\",\"itemListElement\":[{\"@type\":\"ListItem\",\"position\":1,\"name\":\"Home\",\"item\":\"https:\/\/www.bsec.it\/\"},{\"@type\":\"ListItem\",\"position\":2,\"name\":\"ISS\"}]},{\"@type\":\"WebSite\",\"@id\":\"https:\/\/www.bsec.it\/#website\",\"url\":\"https:\/\/www.bsec.it\/\",\"name\":\"B-SEC\",\"description\":\"\",\"potentialAction\":[{\"@type\":\"SearchAction\",\"target\":{\"@type\":\"EntryPoint\",\"urlTemplate\":\"https:\/\/www.bsec.it\/?s={search_term_string}\"},\"query-input\":{\"@type\":\"PropertyValueSpecification\",\"valueRequired\":true,\"valueName\":\"search_term_string\"}}],\"inLanguage\":\"it-IT\"}]}<\/script>\n<!-- \/ Yoast SEO plugin. -->","yoast_head_json":{"title":"ISS - B-SEC","robots":{"index":"index","follow":"follow","max-snippet":"max-snippet:-1","max-image-preview":"max-image-preview:large","max-video-preview":"max-video-preview:-1"},"canonical":"http:\/\/85.235.140.117\/bsec.it\/public_html\/?page_id=12350","og_locale":"it_IT","og_type":"article","og_title":"ISS - B-SEC","og_url":"http:\/\/85.235.140.117\/bsec.it\/public_html\/?page_id=12350","og_site_name":"B-SEC","article_modified_time":"2021-07-28T12:46:33+00:00","og_image":[{"url":"https:\/\/www.bsec.it\/wp-content\/uploads\/2016\/08\/Senza-titolo-1-1.jpg","type":"","width":"","height":""}],"twitter_card":"summary_large_image","twitter_misc":{"Tempo di lettura stimato":"6 minuti"},"schema":{"@context":"https:\/\/schema.org","@graph":[{"@type":"WebPage","@id":"http:\/\/85.235.140.117\/bsec.it\/public_html\/?page_id=12350","url":"http:\/\/85.235.140.117\/bsec.it\/public_html\/?page_id=12350","name":"ISS - B-SEC","isPartOf":{"@id":"https:\/\/www.bsec.it\/#website"},"primaryImageOfPage":{"@id":"http:\/\/85.235.140.117\/bsec.it\/public_html\/?page_id=12350#primaryimage"},"image":{"@id":"http:\/\/85.235.140.117\/bsec.it\/public_html\/?page_id=12350#primaryimage"},"thumbnailUrl":"https:\/\/www.bsec.it\/wp-content\/uploads\/2016\/08\/Senza-titolo-1-1.jpg","datePublished":"2016-08-26T10:04:47+00:00","dateModified":"2021-07-28T12:46:33+00:00","breadcrumb":{"@id":"http:\/\/85.235.140.117\/bsec.it\/public_html\/?page_id=12350#breadcrumb"},"inLanguage":"it-IT","potentialAction":[{"@type":"ReadAction","target":["http:\/\/85.235.140.117\/bsec.it\/public_html\/?page_id=12350"]}]},{"@type":"ImageObject","inLanguage":"it-IT","@id":"http:\/\/85.235.140.117\/bsec.it\/public_html\/?page_id=12350#primaryimage","url":"https:\/\/www.bsec.it\/wp-content\/uploads\/2016\/08\/Senza-titolo-1-1.jpg","contentUrl":"https:\/\/www.bsec.it\/wp-content\/uploads\/2016\/08\/Senza-titolo-1-1.jpg","width":1100,"height":639},{"@type":"BreadcrumbList","@id":"http:\/\/85.235.140.117\/bsec.it\/public_html\/?page_id=12350#breadcrumb","itemListElement":[{"@type":"ListItem","position":1,"name":"Home","item":"https:\/\/www.bsec.it\/"},{"@type":"ListItem","position":2,"name":"ISS"}]},{"@type":"WebSite","@id":"https:\/\/www.bsec.it\/#website","url":"https:\/\/www.bsec.it\/","name":"B-SEC","description":"","potentialAction":[{"@type":"SearchAction","target":{"@type":"EntryPoint","urlTemplate":"https:\/\/www.bsec.it\/?s={search_term_string}"},"query-input":{"@type":"PropertyValueSpecification","valueRequired":true,"valueName":"search_term_string"}}],"inLanguage":"it-IT"}]}},"_links":{"self":[{"href":"https:\/\/www.bsec.it\/index.php?rest_route=\/wp\/v2\/pages\/12350","targetHints":{"allow":["GET"]}}],"collection":[{"href":"https:\/\/www.bsec.it\/index.php?rest_route=\/wp\/v2\/pages"}],"about":[{"href":"https:\/\/www.bsec.it\/index.php?rest_route=\/wp\/v2\/types\/page"}],"author":[{"embeddable":true,"href":"https:\/\/www.bsec.it\/index.php?rest_route=\/wp\/v2\/users\/1"}],"replies":[{"embeddable":true,"href":"https:\/\/www.bsec.it\/index.php?rest_route=%2Fwp%2Fv2%2Fcomments&post=12350"}],"version-history":[{"count":17,"href":"https:\/\/www.bsec.it\/index.php?rest_route=\/wp\/v2\/pages\/12350\/revisions"}],"predecessor-version":[{"id":12852,"href":"https:\/\/www.bsec.it\/index.php?rest_route=\/wp\/v2\/pages\/12350\/revisions\/12852"}],"wp:attachment":[{"href":"https:\/\/www.bsec.it\/index.php?rest_route=%2Fwp%2Fv2%2Fmedia&parent=12350"}],"curies":[{"name":"wp","href":"https:\/\/api.w.org\/{rel}","templated":true}]}}