{"id":12359,"date":"2016-08-26T13:10:50","date_gmt":"2016-08-26T11:10:50","guid":{"rendered":"http:\/\/bsec.thetisdemo.com\/?page_id=12359"},"modified":"2021-07-28T14:46:33","modified_gmt":"2021-07-28T12:46:33","slug":"targt","status":"publish","type":"page","link":"https:\/\/www.bsec.it\/?page_id=12359","title":{"rendered":"TARG@T"},"content":{"rendered":"<p><div class=\"fusion-fullwidth fullwidth-box fusion-builder-row-1 nonhundred-percent-fullwidth non-hundred-percent-height-scrolling\" style=\"--awb-background-position:left top;--awb-border-radius-top-left:0px;--awb-border-radius-top-right:0px;--awb-border-radius-bottom-right:0px;--awb-border-radius-bottom-left:0px;--awb-padding-top:20px;--awb-border-sizes-top:0px;--awb-border-sizes-bottom:0px;--awb-flex-wrap:wrap;\" ><div class=\"fusion-builder-row fusion-row\"><div class=\"fusion-layout-column fusion_builder_column fusion-builder-column-0 fusion_builder_column_1_1 1_1 fusion-one-full fusion-column-first fusion-column-last\" style=\"--awb-bg-size:cover;\"><div class=\"fusion-column-wrapper fusion-flex-column-wrapper-legacy\"><div class=\"fusion-title title fusion-title-1 fusion-title-center fusion-title-text fusion-title-size-one\"><div class=\"title-sep-container title-sep-container-left\"><div class=\"title-sep sep-double sep-solid\" style=\"border-color:#e0dede;\"><\/div><\/div><span class=\"awb-title-spacer\"><\/span><h1 class=\"fusion-title-heading title-heading-center\" style=\"margin:0;\"><strong>TARG@T<\/strong><\/h1><span class=\"awb-title-spacer\"><\/span><div class=\"title-sep-container title-sep-container-right\"><div class=\"title-sep sep-double sep-solid\" style=\"border-color:#e0dede;\"><\/div><\/div><\/div><div class=\"fusion-clearfix\"><\/div><\/div><\/div><div class=\"fusion-layout-column fusion_builder_column fusion-builder-column-1 fusion_builder_column_3_4 3_4 fusion-three-fourth fusion-column-first\" style=\"--awb-bg-size:cover;width:74%; margin-right: 4%;\"><div class=\"fusion-column-wrapper fusion-flex-column-wrapper-legacy\"><div class=\"fusion-text fusion-text-1\"><div style=\"text-align: center;\">\n<p style=\"text-align: left;\">Sistema integrato per la raccolta dei dati dei transiti di veicoli rilevati da apparati di campo e per la loro archiviazione e consultazione\u00a0<strong>LPR, ocr, SDI, SCNTT, alta affidabilit\u00e0<\/strong><\/p>\n<\/div>\n<\/div><div class=\"fusion-clearfix\"><\/div><\/div><\/div><div class=\"fusion-layout-column fusion_builder_column fusion-builder-column-2 fusion_builder_column_1_4 1_4 fusion-one-fourth fusion-column-last\" style=\"--awb-bg-size:cover;width:22%;\"><div class=\"fusion-column-wrapper fusion-flex-column-wrapper-legacy\"><div class=\"fusion-image-element in-legacy-container\" style=\"--awb-caption-title-font-family:var(--h2_typography-font-family);--awb-caption-title-font-weight:var(--h2_typography-font-weight);--awb-caption-title-font-style:var(--h2_typography-font-style);--awb-caption-title-size:var(--h2_typography-font-size);--awb-caption-title-transform:var(--h2_typography-text-transform);--awb-caption-title-line-height:var(--h2_typography-line-height);--awb-caption-title-letter-spacing:var(--h2_typography-letter-spacing);\"><span class=\" fusion-imageframe imageframe-none imageframe-1 hover-type-none\"><a class=\"fusion-no-lightbox\" href=\"https:\/\/www.bsec.it\/wp-content\/uploads\/2016\/11\/brochure-targ@t.pdf\" target=\"_blank\" aria-label=\"scarica-la-brochure\" rel=\"noopener noreferrer\"><img decoding=\"async\" width=\"223\" height=\"48\" src=\"https:\/\/www.bsec.it\/wp-content\/uploads\/2016\/08\/scarica-la-brochure.png\" alt class=\"img-responsive wp-image-12586\" srcset=\"https:\/\/www.bsec.it\/wp-content\/uploads\/2016\/08\/scarica-la-brochure-200x43.png 200w, https:\/\/www.bsec.it\/wp-content\/uploads\/2016\/08\/scarica-la-brochure.png 223w\" sizes=\"(max-width: 800px) 100vw, 223px\" \/><\/a><\/span><\/div><div class=\"fusion-clearfix\"><\/div><\/div><\/div><\/div><\/div><div class=\"fusion-fullwidth fullwidth-box fusion-builder-row-2 nonhundred-percent-fullwidth non-hundred-percent-height-scrolling\" style=\"--awb-background-position:left top;--awb-border-color:#eaeaea;--awb-border-radius-top-left:0px;--awb-border-radius-top-right:0px;--awb-border-radius-bottom-right:0px;--awb-border-radius-bottom-left:0px;--awb-padding-top:20px;--awb-padding-bottom:0px;--awb-background-color:#f2f2f2;--awb-border-sizes-top:1px;--awb-border-sizes-bottom:1px;--awb-flex-wrap:wrap;\" ><div class=\"fusion-builder-row fusion-row\"><div class=\"fusion-layout-column fusion_builder_column fusion-builder-column-3 fusion_builder_column_1_1 1_1 fusion-one-full fusion-column-first fusion-column-last\" style=\"--awb-bg-size:cover;\"><div class=\"fusion-column-wrapper fusion-flex-column-wrapper-legacy\"><div class=\"fusion-text fusion-text-2\"><div style=\"text-align: center;\">\n<p style=\"text-align: justify;\"><strong>Il sistema TARG@T\u00a0 una applicazione di sala operativa che provvede alla gestione dei transiti, immagini e metadati, inviati dai rilevatori collegati.<\/strong><\/p>\n<p style=\"text-align: justify;\">Per la realizzazione di tale piattaforma \u00e8 stata utilizzata l\u2019architettura di tipo Enterprise a tre livelli il tutto sviluppato in ambiente Java. Le interfacce di comunicazione verso i sistemi esterni sono sviluppate utilizzando dei servizi web con protocollo SOAP. L\u2019uso di tecnologie open source consente una indipendenza sia dai sistemi operativi (Windows, Linux, ecc.) che dalla base dati che pu\u00f2 essere scelta in funzione della mole di dati ed affidabilit\u00e0 richiesta (Oracle, MySQL, MSQL, ecc.) rispetto al sistema da monitorare. Anche il frontend pu\u00f2 essere sviluppato con diverse architetture (Thick &amp; Thin Client) e linguaggi (web-oriented e non).<\/p>\n<\/div>\n<\/div><div class=\"fusion-clearfix\"><\/div><\/div><\/div><\/div><\/div><div class=\"fusion-fullwidth fullwidth-box fusion-builder-row-3 nonhundred-percent-fullwidth non-hundred-percent-height-scrolling\" style=\"--awb-background-position:left top;--awb-border-radius-top-left:0px;--awb-border-radius-top-right:0px;--awb-border-radius-bottom-right:0px;--awb-border-radius-bottom-left:0px;--awb-padding-top:10px;--awb-padding-bottom:10px;--awb-flex-wrap:wrap;\" ><div class=\"fusion-builder-row fusion-row\"><div class=\"fusion-layout-column fusion_builder_column fusion-builder-column-4 fusion_builder_column_1_1 1_1 fusion-one-full fusion-column-first fusion-column-last fusion-column-no-min-height\" style=\"--awb-bg-size:cover;--awb-margin-bottom:0px;\"><div class=\"fusion-column-wrapper fusion-flex-column-wrapper-legacy\"><div class=\"fusion-image-element fusion-image-align-center in-legacy-container\" style=\"text-align:center;--awb-caption-title-font-family:var(--h2_typography-font-family);--awb-caption-title-font-weight:var(--h2_typography-font-weight);--awb-caption-title-font-style:var(--h2_typography-font-style);--awb-caption-title-size:var(--h2_typography-font-size);--awb-caption-title-transform:var(--h2_typography-text-transform);--awb-caption-title-line-height:var(--h2_typography-line-height);--awb-caption-title-letter-spacing:var(--h2_typography-letter-spacing);\"><div class=\"imageframe-align-center\"><span class=\" fusion-imageframe imageframe-none imageframe-2 hover-type-none\"><img decoding=\"async\" width=\"635\" height=\"469\" title=\"Senza titolo-1\" src=\"https:\/\/www.bsec.it\/wp-content\/uploads\/2016\/08\/Senza-titolo-1-3.jpg\" alt class=\"img-responsive wp-image-12415\" srcset=\"https:\/\/www.bsec.it\/wp-content\/uploads\/2016\/08\/Senza-titolo-1-3-200x148.jpg 200w, https:\/\/www.bsec.it\/wp-content\/uploads\/2016\/08\/Senza-titolo-1-3-400x295.jpg 400w, https:\/\/www.bsec.it\/wp-content\/uploads\/2016\/08\/Senza-titolo-1-3-600x443.jpg 600w, https:\/\/www.bsec.it\/wp-content\/uploads\/2016\/08\/Senza-titolo-1-3.jpg 635w\" sizes=\"(max-width: 800px) 100vw, 635px\" \/><\/span><\/div><\/div><div class=\"fusion-clearfix\"><\/div><\/div><\/div><\/div><\/div><div class=\"fusion-fullwidth fullwidth-box fusion-builder-row-4 nonhundred-percent-fullwidth non-hundred-percent-height-scrolling\" style=\"--awb-background-position:left top;--awb-border-color:#eaeaea;--awb-border-radius-top-left:0px;--awb-border-radius-top-right:0px;--awb-border-radius-bottom-right:0px;--awb-border-radius-bottom-left:0px;--awb-padding-top:20px;--awb-padding-bottom:20px;--awb-background-color:#f2f2f2;--awb-border-sizes-top:1px;--awb-border-sizes-bottom:1px;--awb-flex-wrap:wrap;\" ><div class=\"fusion-builder-row fusion-row\"><div class=\"fusion-layout-column fusion_builder_column fusion-builder-column-5 fusion_builder_column_1_1 1_1 fusion-one-full fusion-column-first fusion-column-last\" style=\"--awb-bg-size:cover;\"><div class=\"fusion-column-wrapper fusion-flex-column-wrapper-legacy\"><div class=\"fusion-text fusion-text-3\"><div style=\"text-align: center;\">\n<p style=\"text-align: justify;\"><strong>E\u2019 installabile in architetture ad alta affidabilit\u00e0 (cluster, ecc.) ed in ambiente virtuale. Di seguito le principali funzioni applicative:<\/strong><\/p>\n<ul>\n<li style=\"text-align: justify;\">Gestione amministrazione: creazione di profili utente (ad esempio: admin, user, superuser), o gruppi di essi, con credenziali personali e con la possibilit\u00e0 di associare il controllo di singoli o gruppi di sensori ai singoli utenti<\/li>\n<li style=\"text-align: justify;\">la gestione delle <em>black\/white list<\/em> e la comparazione, in tempo reale, di queste con i transiti ricevuti;<\/li>\n<li style=\"text-align: justify;\">l\u2019invio in tempo reale, degli allarmi alle sale controllo competenti;<\/li>\n<li style=\"text-align: justify;\">presenza di una componente cartografica;<\/li>\n<li style=\"text-align: justify;\">il tracciamento delle attivit\u00e0 mediante log certificati e la gestione dei log di accesso e di sistema;<\/li>\n<\/ul>\n<\/div>\n<\/div><div class=\"fusion-clearfix\"><\/div><\/div><\/div><div class=\"fusion-layout-column fusion_builder_column fusion-builder-column-6 fusion_builder_column_1_2 1_2 fusion-one-half fusion-column-first\" style=\"--awb-bg-size:cover;width:48%; margin-right: 4%;\"><div class=\"fusion-column-wrapper fusion-flex-column-wrapper-legacy\"><div class=\"fusion-image-element fusion-image-align-center in-legacy-container\" style=\"text-align:center;--awb-caption-title-font-family:var(--h2_typography-font-family);--awb-caption-title-font-weight:var(--h2_typography-font-weight);--awb-caption-title-font-style:var(--h2_typography-font-style);--awb-caption-title-size:var(--h2_typography-font-size);--awb-caption-title-transform:var(--h2_typography-text-transform);--awb-caption-title-line-height:var(--h2_typography-line-height);--awb-caption-title-letter-spacing:var(--h2_typography-letter-spacing);\"><div class=\"imageframe-align-center\"><span class=\" fusion-imageframe imageframe-none imageframe-3 hover-type-none\"><img decoding=\"async\" width=\"379\" height=\"272\" title=\"target_2\" src=\"https:\/\/www.bsec.it\/wp-content\/uploads\/2016\/08\/target_2.jpg\" alt class=\"img-responsive wp-image-12363\" srcset=\"https:\/\/www.bsec.it\/wp-content\/uploads\/2016\/08\/target_2-200x144.jpg 200w, https:\/\/www.bsec.it\/wp-content\/uploads\/2016\/08\/target_2.jpg 379w\" sizes=\"(max-width: 800px) 100vw, 379px\" \/><\/span><\/div><\/div><div class=\"fusion-clearfix\"><\/div><\/div><\/div><div class=\"fusion-layout-column fusion_builder_column fusion-builder-column-7 fusion_builder_column_1_2 1_2 fusion-one-half fusion-column-last\" style=\"--awb-bg-size:cover;width:48%;\"><div class=\"fusion-column-wrapper fusion-flex-column-wrapper-legacy\"><div class=\"fusion-image-element fusion-image-align-center in-legacy-container\" style=\"text-align:center;--awb-caption-title-font-family:var(--h2_typography-font-family);--awb-caption-title-font-weight:var(--h2_typography-font-weight);--awb-caption-title-font-style:var(--h2_typography-font-style);--awb-caption-title-size:var(--h2_typography-font-size);--awb-caption-title-transform:var(--h2_typography-text-transform);--awb-caption-title-line-height:var(--h2_typography-line-height);--awb-caption-title-letter-spacing:var(--h2_typography-letter-spacing);\"><div class=\"imageframe-align-center\"><span class=\" fusion-imageframe imageframe-none imageframe-4 hover-type-none\"><img decoding=\"async\" width=\"379\" height=\"272\" title=\"target_3\" src=\"https:\/\/www.bsec.it\/wp-content\/uploads\/2016\/08\/target_3.jpg\" alt class=\"img-responsive wp-image-12365\" srcset=\"https:\/\/www.bsec.it\/wp-content\/uploads\/2016\/08\/target_3-200x144.jpg 200w, https:\/\/www.bsec.it\/wp-content\/uploads\/2016\/08\/target_3.jpg 379w\" sizes=\"(max-width: 800px) 100vw, 379px\" \/><\/span><\/div><\/div><div class=\"fusion-clearfix\"><\/div><\/div><\/div><div class=\"fusion-layout-column fusion_builder_column fusion-builder-column-8 fusion_builder_column_1_1 1_1 fusion-one-full fusion-column-first fusion-column-last fusion-column-no-min-height\" style=\"--awb-bg-size:cover;--awb-margin-bottom:0px;\"><div class=\"fusion-column-wrapper fusion-flex-column-wrapper-legacy\"><div class=\"fusion-text fusion-text-4\"><p style=\"text-align: justify;\">L\u2019applicativo \u00e8 molto flessibile e scalabile. Ad oggi \u00e8 impiegato sia in istallazioni semplici con pochi lettori sia in\u00a0 sistemi complessi che con che con qualche centinaia di lettori registrano milioni di transiti al giorno.<\/p>\n<\/div><div class=\"fusion-clearfix\"><\/div><\/div><\/div><\/div><\/div><\/p>\n","protected":false},"excerpt":{"rendered":"","protected":false},"author":1,"featured_media":0,"parent":0,"menu_order":0,"comment_status":"closed","ping_status":"closed","template":"100-width.php","meta":{"footnotes":""},"class_list":["post-12359","page","type-page","status-publish","hentry"],"yoast_head":"<!-- This site is optimized with the Yoast SEO plugin v26.2 - https:\/\/yoast.com\/wordpress\/plugins\/seo\/ -->\n<title>TARG@T - B-SEC<\/title>\n<meta name=\"robots\" content=\"index, follow, max-snippet:-1, max-image-preview:large, max-video-preview:-1\" \/>\n<link rel=\"canonical\" href=\"http:\/\/85.235.140.117\/bsec.it\/public_html\/?page_id=12359\" \/>\n<meta property=\"og:locale\" content=\"it_IT\" \/>\n<meta property=\"og:type\" content=\"article\" \/>\n<meta property=\"og:title\" content=\"TARG@T - B-SEC\" \/>\n<meta property=\"og:url\" content=\"http:\/\/85.235.140.117\/bsec.it\/public_html\/?page_id=12359\" \/>\n<meta property=\"og:site_name\" content=\"B-SEC\" \/>\n<meta property=\"article:modified_time\" content=\"2021-07-28T12:46:33+00:00\" \/>\n<meta property=\"og:image\" content=\"https:\/\/www.bsec.it\/wp-content\/uploads\/2016\/08\/scarica-la-brochure.png\" \/>\n<meta name=\"twitter:card\" content=\"summary_large_image\" \/>\n<meta name=\"twitter:label1\" content=\"Tempo di lettura stimato\" \/>\n\t<meta name=\"twitter:data1\" content=\"7 minuti\" \/>\n<script type=\"application\/ld+json\" class=\"yoast-schema-graph\">{\"@context\":\"https:\/\/schema.org\",\"@graph\":[{\"@type\":\"WebPage\",\"@id\":\"http:\/\/85.235.140.117\/bsec.it\/public_html\/?page_id=12359\",\"url\":\"http:\/\/85.235.140.117\/bsec.it\/public_html\/?page_id=12359\",\"name\":\"TARG@T - B-SEC\",\"isPartOf\":{\"@id\":\"https:\/\/www.bsec.it\/#website\"},\"primaryImageOfPage\":{\"@id\":\"http:\/\/85.235.140.117\/bsec.it\/public_html\/?page_id=12359#primaryimage\"},\"image\":{\"@id\":\"http:\/\/85.235.140.117\/bsec.it\/public_html\/?page_id=12359#primaryimage\"},\"thumbnailUrl\":\"https:\/\/www.bsec.it\/wp-content\/uploads\/2016\/08\/scarica-la-brochure.png\",\"datePublished\":\"2016-08-26T11:10:50+00:00\",\"dateModified\":\"2021-07-28T12:46:33+00:00\",\"breadcrumb\":{\"@id\":\"http:\/\/85.235.140.117\/bsec.it\/public_html\/?page_id=12359#breadcrumb\"},\"inLanguage\":\"it-IT\",\"potentialAction\":[{\"@type\":\"ReadAction\",\"target\":[\"http:\/\/85.235.140.117\/bsec.it\/public_html\/?page_id=12359\"]}]},{\"@type\":\"ImageObject\",\"inLanguage\":\"it-IT\",\"@id\":\"http:\/\/85.235.140.117\/bsec.it\/public_html\/?page_id=12359#primaryimage\",\"url\":\"https:\/\/www.bsec.it\/wp-content\/uploads\/2016\/08\/scarica-la-brochure.png\",\"contentUrl\":\"https:\/\/www.bsec.it\/wp-content\/uploads\/2016\/08\/scarica-la-brochure.png\",\"width\":223,\"height\":48},{\"@type\":\"BreadcrumbList\",\"@id\":\"http:\/\/85.235.140.117\/bsec.it\/public_html\/?page_id=12359#breadcrumb\",\"itemListElement\":[{\"@type\":\"ListItem\",\"position\":1,\"name\":\"Home\",\"item\":\"https:\/\/www.bsec.it\/\"},{\"@type\":\"ListItem\",\"position\":2,\"name\":\"TARG@T\"}]},{\"@type\":\"WebSite\",\"@id\":\"https:\/\/www.bsec.it\/#website\",\"url\":\"https:\/\/www.bsec.it\/\",\"name\":\"B-SEC\",\"description\":\"\",\"potentialAction\":[{\"@type\":\"SearchAction\",\"target\":{\"@type\":\"EntryPoint\",\"urlTemplate\":\"https:\/\/www.bsec.it\/?s={search_term_string}\"},\"query-input\":{\"@type\":\"PropertyValueSpecification\",\"valueRequired\":true,\"valueName\":\"search_term_string\"}}],\"inLanguage\":\"it-IT\"}]}<\/script>\n<!-- \/ Yoast SEO plugin. -->","yoast_head_json":{"title":"TARG@T - B-SEC","robots":{"index":"index","follow":"follow","max-snippet":"max-snippet:-1","max-image-preview":"max-image-preview:large","max-video-preview":"max-video-preview:-1"},"canonical":"http:\/\/85.235.140.117\/bsec.it\/public_html\/?page_id=12359","og_locale":"it_IT","og_type":"article","og_title":"TARG@T - B-SEC","og_url":"http:\/\/85.235.140.117\/bsec.it\/public_html\/?page_id=12359","og_site_name":"B-SEC","article_modified_time":"2021-07-28T12:46:33+00:00","og_image":[{"url":"https:\/\/www.bsec.it\/wp-content\/uploads\/2016\/08\/scarica-la-brochure.png","type":"","width":"","height":""}],"twitter_card":"summary_large_image","twitter_misc":{"Tempo di lettura stimato":"7 minuti"},"schema":{"@context":"https:\/\/schema.org","@graph":[{"@type":"WebPage","@id":"http:\/\/85.235.140.117\/bsec.it\/public_html\/?page_id=12359","url":"http:\/\/85.235.140.117\/bsec.it\/public_html\/?page_id=12359","name":"TARG@T - B-SEC","isPartOf":{"@id":"https:\/\/www.bsec.it\/#website"},"primaryImageOfPage":{"@id":"http:\/\/85.235.140.117\/bsec.it\/public_html\/?page_id=12359#primaryimage"},"image":{"@id":"http:\/\/85.235.140.117\/bsec.it\/public_html\/?page_id=12359#primaryimage"},"thumbnailUrl":"https:\/\/www.bsec.it\/wp-content\/uploads\/2016\/08\/scarica-la-brochure.png","datePublished":"2016-08-26T11:10:50+00:00","dateModified":"2021-07-28T12:46:33+00:00","breadcrumb":{"@id":"http:\/\/85.235.140.117\/bsec.it\/public_html\/?page_id=12359#breadcrumb"},"inLanguage":"it-IT","potentialAction":[{"@type":"ReadAction","target":["http:\/\/85.235.140.117\/bsec.it\/public_html\/?page_id=12359"]}]},{"@type":"ImageObject","inLanguage":"it-IT","@id":"http:\/\/85.235.140.117\/bsec.it\/public_html\/?page_id=12359#primaryimage","url":"https:\/\/www.bsec.it\/wp-content\/uploads\/2016\/08\/scarica-la-brochure.png","contentUrl":"https:\/\/www.bsec.it\/wp-content\/uploads\/2016\/08\/scarica-la-brochure.png","width":223,"height":48},{"@type":"BreadcrumbList","@id":"http:\/\/85.235.140.117\/bsec.it\/public_html\/?page_id=12359#breadcrumb","itemListElement":[{"@type":"ListItem","position":1,"name":"Home","item":"https:\/\/www.bsec.it\/"},{"@type":"ListItem","position":2,"name":"TARG@T"}]},{"@type":"WebSite","@id":"https:\/\/www.bsec.it\/#website","url":"https:\/\/www.bsec.it\/","name":"B-SEC","description":"","potentialAction":[{"@type":"SearchAction","target":{"@type":"EntryPoint","urlTemplate":"https:\/\/www.bsec.it\/?s={search_term_string}"},"query-input":{"@type":"PropertyValueSpecification","valueRequired":true,"valueName":"search_term_string"}}],"inLanguage":"it-IT"}]}},"_links":{"self":[{"href":"https:\/\/www.bsec.it\/index.php?rest_route=\/wp\/v2\/pages\/12359","targetHints":{"allow":["GET"]}}],"collection":[{"href":"https:\/\/www.bsec.it\/index.php?rest_route=\/wp\/v2\/pages"}],"about":[{"href":"https:\/\/www.bsec.it\/index.php?rest_route=\/wp\/v2\/types\/page"}],"author":[{"embeddable":true,"href":"https:\/\/www.bsec.it\/index.php?rest_route=\/wp\/v2\/users\/1"}],"replies":[{"embeddable":true,"href":"https:\/\/www.bsec.it\/index.php?rest_route=%2Fwp%2Fv2%2Fcomments&post=12359"}],"version-history":[{"count":15,"href":"https:\/\/www.bsec.it\/index.php?rest_route=\/wp\/v2\/pages\/12359\/revisions"}],"predecessor-version":[{"id":12851,"href":"https:\/\/www.bsec.it\/index.php?rest_route=\/wp\/v2\/pages\/12359\/revisions\/12851"}],"wp:attachment":[{"href":"https:\/\/www.bsec.it\/index.php?rest_route=%2Fwp%2Fv2%2Fmedia&parent=12359"}],"curies":[{"name":"wp","href":"https:\/\/api.w.org\/{rel}","templated":true}]}}