{"id":12542,"date":"2016-09-16T10:37:03","date_gmt":"2016-09-16T08:37:03","guid":{"rendered":"https:\/\/www.bsec.it\/?page_id=12542"},"modified":"2021-07-28T14:46:33","modified_gmt":"2021-07-28T12:46:33","slug":"ministero-dellinterno-autostrada-napolisalerno-sistema-gestione-integrata","status":"publish","type":"page","link":"https:\/\/www.bsec.it\/?page_id=12542","title":{"rendered":"MINISTERO DELL\u2019INTERNO | Autostrada Napoli\/Salerno | SISTEMA GESTIONE INTEGRATA"},"content":{"rendered":"<p><div class=\"fusion-fullwidth fullwidth-box fusion-builder-row-1 nonhundred-percent-fullwidth non-hundred-percent-height-scrolling\" style=\"--awb-background-position:left top;--awb-border-radius-top-left:0px;--awb-border-radius-top-right:0px;--awb-border-radius-bottom-right:0px;--awb-border-radius-bottom-left:0px;--awb-padding-top:20px;--awb-border-sizes-top:0px;--awb-border-sizes-bottom:0px;--awb-flex-wrap:wrap;\" ><div class=\"fusion-builder-row fusion-row\"><div class=\"fusion-layout-column fusion_builder_column fusion-builder-column-0 fusion_builder_column_5_6 5_6 fusion-five-sixth fusion-column-first\" style=\"--awb-bg-size:cover;width:82.6666%; margin-right: 4%;\"><div class=\"fusion-column-wrapper fusion-flex-column-wrapper-legacy\"><div class=\"fusion-title title fusion-title-1 fusion-title-text fusion-title-size-one\"><h1 class=\"fusion-title-heading title-heading-left\" style=\"margin:0;\"><span style=\"color: #011c58;\"><strong>MINISTERO DELL\u2019INTERNO | Autostrada Napoli\/Salerno | SISTEMA GESTIONE INTEGRATA<\/strong><\/span><\/h1><span class=\"awb-title-spacer\"><\/span><div class=\"title-sep-container\"><div class=\"title-sep sep-double sep-solid\" style=\"border-color:#e0dede;\"><\/div><\/div><\/div><div class=\"fusion-clearfix\"><\/div><\/div><\/div><div class=\"fusion-layout-column fusion_builder_column fusion-builder-column-1 fusion_builder_column_1_6 1_6 fusion-one-sixth fusion-column-last\" style=\"--awb-bg-size:cover;width:13.3333%;\"><div class=\"fusion-column-wrapper fusion-flex-column-wrapper-legacy\"><div class=\"fusion-sep-clear\"><\/div><div class=\"fusion-separator fusion-full-width-sep\" style=\"margin-left: auto;margin-right: auto;margin-top:2px;width:100%;\"><\/div><div class=\"fusion-sep-clear\"><\/div><div class=\"fusion-image-element fusion-image-align-right in-legacy-container\" style=\"text-align:right;--awb-caption-title-font-family:var(--h2_typography-font-family);--awb-caption-title-font-weight:var(--h2_typography-font-weight);--awb-caption-title-font-style:var(--h2_typography-font-style);--awb-caption-title-size:var(--h2_typography-font-size);--awb-caption-title-transform:var(--h2_typography-text-transform);--awb-caption-title-line-height:var(--h2_typography-line-height);--awb-caption-title-letter-spacing:var(--h2_typography-letter-spacing);\"><span class=\" fusion-imageframe imageframe-none imageframe-1 hover-type-none\" style=\"margin-left:25px;float:right;\"><a class=\"fusion-no-lightbox\" href=\"https:\/\/www.bsec.it\/wp-content\/uploads\/2018\/07\/Case-Study-Autostrada-Napoli-Salerno_rev1.pdf\" target=\"_blank\" aria-label=\"scarica-pdf\" rel=\"noopener noreferrer\"><img decoding=\"async\" width=\"140\" height=\"23\" src=\"https:\/\/www.bsec.it\/wp-content\/uploads\/2016\/09\/scarica-pdf.png\" alt class=\"img-responsive wp-image-12538\" srcset=\"https:\/\/www.bsec.it\/wp-content\/uploads\/2016\/09\/scarica-pdf-120x20.png 120w, https:\/\/www.bsec.it\/wp-content\/uploads\/2016\/09\/scarica-pdf.png 140w\" sizes=\"(max-width: 140px) 100vw, 140px\" \/><\/a><\/span><\/div><div class=\"fusion-clearfix\"><\/div><\/div><\/div><\/div><\/div><div class=\"fusion-fullwidth fullwidth-box fusion-builder-row-2 nonhundred-percent-fullwidth non-hundred-percent-height-scrolling\" style=\"--awb-background-position:left top;--awb-border-radius-top-left:0px;--awb-border-radius-top-right:0px;--awb-border-radius-bottom-right:0px;--awb-border-radius-bottom-left:0px;--awb-border-sizes-top:0px;--awb-border-sizes-bottom:0px;--awb-flex-wrap:wrap;\" ><div class=\"fusion-builder-row fusion-row\"><div class=\"fusion-layout-column fusion_builder_column fusion-builder-column-2 fusion_builder_column_1_1 1_1 fusion-one-full fusion-column-first fusion-column-last fusion-column-no-min-height\" style=\"--awb-bg-size:cover;--awb-margin-bottom:0px;\"><div class=\"fusion-column-wrapper fusion-flex-column-wrapper-legacy\"><div class=\"fusion-sep-clear\"><\/div><div class=\"fusion-separator fusion-full-width-sep\" style=\"margin-left: auto;margin-right: auto;width:100%;\"><div class=\"fusion-separator-border sep-single sep-solid\" style=\"--awb-height:20px;--awb-amount:20px;--awb-sep-color:#eaeaea;border-color:#eaeaea;border-top-width:1px;\"><\/div><\/div><div class=\"fusion-sep-clear\"><\/div><div class=\"fusion-clearfix\"><\/div><\/div><\/div><\/div><\/div><div class=\"fusion-fullwidth fullwidth-box fusion-builder-row-3 nonhundred-percent-fullwidth non-hundred-percent-height-scrolling\" style=\"--awb-background-position:left top;--awb-border-radius-top-left:0px;--awb-border-radius-top-right:0px;--awb-border-radius-bottom-right:0px;--awb-border-radius-bottom-left:0px;--awb-padding-top:20px;--awb-border-sizes-top:0px;--awb-border-sizes-bottom:0px;--awb-flex-wrap:wrap;\" ><div class=\"fusion-builder-row fusion-row\"><div class=\"fusion-layout-column fusion_builder_column fusion-builder-column-3 fusion_builder_column_1_4 1_4 fusion-one-fourth fusion-column-first\" style=\"--awb-bg-size:cover;width:22%; margin-right: 4%;\"><div class=\"fusion-column-wrapper fusion-flex-column-wrapper-legacy\"><div class=\"fusion-text fusion-text-1\"><div style=\"text-align: left;\">PROFILO CLIENTE:<br \/>\n<strong>PUBBLICA AMMINISTRAZIONE CENTRALE<\/strong><\/div>\n<\/div><div class=\"fusion-clearfix\"><\/div><\/div><\/div><div class=\"fusion-layout-column fusion_builder_column fusion-builder-column-4 fusion_builder_column_1_4 1_4 fusion-one-fourth\" style=\"--awb-bg-size:cover;width:22%; margin-right: 4%;\"><div class=\"fusion-column-wrapper fusion-flex-column-wrapper-legacy\"><div class=\"fusion-text fusion-text-2\"><div style=\"text-align: left;\">SETTORE:<br \/>\n<strong>CONTROLLO INTEGRATO TRATTA AUTOSTRADALE NA-SA<\/strong><\/div>\n<\/div><div class=\"fusion-clearfix\"><\/div><\/div><\/div><div class=\"fusion-layout-column fusion_builder_column fusion-builder-column-5 fusion_builder_column_1_4 1_4 fusion-one-fourth\" style=\"--awb-bg-size:cover;width:22%; margin-right: 4%;\"><div class=\"fusion-column-wrapper fusion-flex-column-wrapper-legacy\"><div class=\"fusion-text fusion-text-3\"><div style=\"text-align: left;\">UBICAZIONE:<br \/>\n<strong>ITALIA, REGIONE CAMPANIA, NAPOLI &#8211; SALERNO<\/strong><\/div>\n<\/div><div class=\"fusion-clearfix\"><\/div><\/div><\/div><div class=\"fusion-layout-column fusion_builder_column fusion-builder-column-6 fusion_builder_column_1_4 1_4 fusion-one-fourth fusion-column-last\" style=\"--awb-bg-size:cover;width:22%;\"><div class=\"fusion-column-wrapper fusion-flex-column-wrapper-legacy\"><div class=\"fusion-text fusion-text-4\"><div style=\"text-align: left;\">ESIGENZE:<br \/>\n<strong>AIUTARE LE FORZE DI POLIZIA NELLA GESTIONE DI 70 KM DI AUTOSTRADA TRAMITE UN SISTEMA INTEGRATO PER IL CONTROLLO DEL TRAFFICO VEICOLARE, PREVEZIONE DEL CRIMINE E AUSILIO ALLE INDAGINI<\/strong><\/div>\n<\/div><div class=\"fusion-clearfix\"><\/div><\/div><\/div><\/div><\/div><div class=\"fusion-fullwidth fullwidth-box fusion-builder-row-4 nonhundred-percent-fullwidth non-hundred-percent-height-scrolling\" style=\"--awb-background-position:left top;--awb-border-color:#eaeaea;--awb-border-radius-top-left:0px;--awb-border-radius-top-right:0px;--awb-border-radius-bottom-right:0px;--awb-border-radius-bottom-left:0px;--awb-padding-top:20px;--awb-padding-bottom:20px;--awb-background-color:#f2f2f2;--awb-border-sizes-top:1px;--awb-border-sizes-bottom:1px;--awb-flex-wrap:wrap;\" ><div class=\"fusion-builder-row fusion-row\"><div class=\"fusion-layout-column fusion_builder_column fusion-builder-column-7 fusion_builder_column_1_2 1_2 fusion-one-half fusion-column-first\" style=\"--awb-bg-size:cover;width:48%; margin-right: 4%;\"><div class=\"fusion-column-wrapper fusion-flex-column-wrapper-legacy\"><div class=\"fusion-title title fusion-title-2 fusion-sep-none fusion-title-text fusion-title-size-one\"><h1 class=\"fusion-title-heading title-heading-left\" style=\"margin:0;\">MINISTERO DELL\u2019INTERNO<\/h1><\/div><div class=\"fusion-text fusion-text-5\"><div style=\"text-align: justify;\">\n<p><strong>Il Ministero dell&#8217;Interno \u00e8 stato un pilastro della costituzione dello Stato italiano, nato nel 1861 con l&#8217;Unit\u00e0 d&#8217;Italia, traguardo raggiunto velocemente rispetto al resto dei paesi Europei.<\/strong> Nel tentativo di garantire la sopravvivenza del nuovo Stato, i leader politici risorgimentali decisero di estendere il modello di amministrazione altamente centralizzato, adottato dal Regno di Sardegna, in tutta la penisola. Nacque cos\u00ec con il ruolo di ministero di amministrazione generale, di punto di riferimento tra gli uffici centrali e locali, di protezione delle funzioni fondamentali dello Stato e della sicurezza dei cittadini. Di fatto quindi un punto di contatto tra le comunit\u00e0 statali e locali, nonch\u00e9 un soggetto che garantisse la conoscenza dei fenomeni locali. Oggi le sue responsabilit\u00e0 generali sono tanto pi\u00f9 utili e necessarie se si tiene conto che la legislazione si sta sviluppando verso forme decentrate e federali di governo.<\/p>\n<\/div>\n<\/div><div class=\"fusion-clearfix\"><\/div><\/div><\/div><div class=\"fusion-layout-column fusion_builder_column fusion-builder-column-8 fusion_builder_column_1_2 1_2 fusion-one-half fusion-column-last\" style=\"--awb-bg-size:cover;width:48%;\"><div class=\"fusion-column-wrapper fusion-flex-column-wrapper-legacy\"><div class=\"fusion-title title fusion-title-3 fusion-sep-none fusion-title-text fusion-title-size-one\"><h1 class=\"fusion-title-heading title-heading-left\" style=\"margin:0;\">SYSTEM INTEGRATOR: TELECOM ITALIA S.p.A. ora TIM<\/h1><\/div><div class=\"fusion-text fusion-text-6\"><div style=\"text-align: justify;\">\n<p>TIM \u00e8 il brand unico del Gruppo Telecom Italia che opera nel mercato, attraverso la strategia del valore condiviso per l\u2019azienda e la comunit\u00e0, offrendo servizi di telefonia fissa e mobile, internet, contenuti digitali e servizi cloud. TIM, ente abilitante alle tecnologie dell\u2019informazione e della comunicazione pi\u00f9 innovative, accompagna l\u2019Italia verso il traguardo della piena digitalizzazione, grazie alla realizzazione delle infrastrutture di rete ultrabroadband ed alla diffusione dei servizi di ultima generazione.<\/p>\n<\/div>\n<\/div><div class=\"fusion-clearfix\"><\/div><\/div><\/div><div class=\"fusion-layout-column fusion_builder_column fusion-builder-column-9 fusion_builder_column_1_2 1_2 fusion-one-half fusion-column-first\" style=\"--awb-bg-size:cover;width:48%; margin-right: 4%;\"><div class=\"fusion-column-wrapper fusion-flex-column-wrapper-legacy\"><div class=\"fusion-title title fusion-title-4 fusion-sep-none fusion-title-text fusion-title-size-one\"><h1 class=\"fusion-title-heading title-heading-left\" style=\"margin:0;\">LA SFIDA<\/h1><\/div><div class=\"fusion-text fusion-text-7\"><div style=\"text-align: justify;\">\n<p><strong>L&#8217;autostrada A3 Napoli-Reggio Calabria, inizia dalla E45 ed ha una superficie totale di 494.9 km.<\/strong> Questa rappresenta la seconda sezione, la cosiddetta Autostrada del Sole, dell&#8217;autostrada che collega il nord e il sud della penisola: da Milano a Reggio Calabria. \u00c8 divisa in due segmenti principali: Napoli-Salerno e Salerno-Reggio Calabria. Il primo segmento conta 70 chilometri di autostrada tra la provincia di Napoli e Salerno, citt\u00e0 ove sono presenti famose attrazioni turistiche come la Costiera Amalfitana e Pompei. Nell\u2019area sono purtroppo attive organizzazioni criminali di stampo mafioso. La camorra, sviluppatasi proprio a Napoli intono al XVII secolo per poi ampliare la sua influenza al di fuori delle zone di origine, ha particolare influenza in Campania, ma anche in altre zone d\u2019Italia e a livello internazionale. Il Ministero dell&#8217;Interno vuole gestire le operazioni quotidiane di controllo del traffico (&gt; 0,5 ML veicoli \/ giorno) e, con fermezza, contrastare la criminalit\u00e0 locale, rafforzando le infrastrutture tecniche ed i sistemi in grado di coadiuvare le Forze di Polizia nelle attivit\u00e0 di controllo del territorio, di prevenzione del crimine e di supporto alle indagini investigative.<\/p>\n<\/div>\n<\/div><div class=\"fusion-clearfix\"><\/div><\/div><\/div><div class=\"fusion-layout-column fusion_builder_column fusion-builder-column-10 fusion_builder_column_1_2 1_2 fusion-one-half fusion-column-last\" style=\"--awb-bg-size:cover;width:48%;\"><div class=\"fusion-column-wrapper fusion-flex-column-wrapper-legacy\"><div class=\"fusion-title title fusion-title-5 fusion-sep-none fusion-title-text fusion-title-size-one\"><h1 class=\"fusion-title-heading title-heading-left\" style=\"margin:0;\">LA SOLUZIONE<\/h1><\/div><div class=\"fusion-text fusion-text-8\"><div style=\"text-align: justify;\">\n<p><strong>L&#8217;aumento del controllo autostradale \u00e8 stato raggiunto con l&#8217;installazione di oltre 120 sensori ANPR HD sui principali svincoli, in tutte le entrate e le uscite. Il sistema \u00e8 in grado di registrare tutti i veicoli\/transiti anche con targhe parziali, coperte o senza targa.<\/strong> Il sistema utilizza telecamere di contesto per registrare e visualizzare il video live di tutte le corsie. Ogni transito \u00e8 corredato di informazioni come: foto della targa posteriore, foto a colori fronte HD per l&#8217;identificazione degli occupanti, stima classe veicolo, stima velocit\u00e0, riconoscimento marca e modello vetture, stima di colore. L\u2019impianto tecnologico utilizza anche le telecamere HD CCTV installate nelle aree di servizio per il monitoraggio e la prevenzione del crimine. Il sistema fornisce inoltre una piattaforma di gestione tecnica per il controllo dell\u2019intera infrastruttura sia a fini manutentivi che contro possibili danneggiamenti. Tutti i dati conservati sul campo sono memorizzati localmente in modalit\u00e0 criptata ed inviati dal vivo alla componente centrale per la gestione ed archiviazione. Il sistema \u00e8 sincronizzato con il SCNTT della Polizia di Stato.<\/p>\n<\/div>\n<\/div><div class=\"fusion-clearfix\"><\/div><\/div><\/div><\/div><\/div><div class=\"fusion-fullwidth fullwidth-box fusion-builder-row-5 nonhundred-percent-fullwidth non-hundred-percent-height-scrolling\" style=\"--awb-background-position:left top;--awb-border-radius-top-left:0px;--awb-border-radius-top-right:0px;--awb-border-radius-bottom-right:0px;--awb-border-radius-bottom-left:0px;--awb-padding-top:20px;--awb-padding-bottom:20px;--awb-border-sizes-top:0px;--awb-border-sizes-bottom:0px;--awb-flex-wrap:wrap;\" ><div class=\"fusion-builder-row fusion-row\"><div class=\"fusion-layout-column fusion_builder_column fusion-builder-column-11 fusion_builder_column_1_1 1_1 fusion-one-full fusion-column-first fusion-column-last\" style=\"--awb-bg-size:cover;\"><div class=\"fusion-column-wrapper fusion-flex-column-wrapper-legacy\"><div class=\"fusion-title title fusion-title-6 fusion-sep-none fusion-title-text fusion-title-size-one\"><h1 class=\"fusion-title-heading title-heading-left\" style=\"margin:0;\">PRODOTTI UTILIZZATI<\/h1><\/div><div class=\"fusion-clearfix\"><\/div><\/div><\/div><div class=\"fusion-layout-column fusion_builder_column fusion-builder-column-12 fusion_builder_column_1_6 1_6 fusion-one-sixth fusion-column-first\" style=\"--awb-bg-size:cover;width:13.3333%; margin-right: 4%;\"><div class=\"fusion-column-wrapper fusion-flex-column-wrapper-legacy\"><div class=\"fusion-image-element fusion-image-align-left in-legacy-container\" style=\"text-align:left;--awb-caption-title-font-family:var(--h2_typography-font-family);--awb-caption-title-font-weight:var(--h2_typography-font-weight);--awb-caption-title-font-style:var(--h2_typography-font-style);--awb-caption-title-size:var(--h2_typography-font-size);--awb-caption-title-transform:var(--h2_typography-text-transform);--awb-caption-title-line-height:var(--h2_typography-line-height);--awb-caption-title-letter-spacing:var(--h2_typography-letter-spacing);\"><span class=\" fusion-imageframe imageframe-none imageframe-2 hover-type-none\" style=\"margin-right:25px;float:left;\"><a class=\"fusion-no-lightbox\" href=\"\/index.php\/targt\/\" target=\"_self\" aria-label=\"target\"><img decoding=\"async\" width=\"70\" height=\"91\" src=\"https:\/\/www.bsec.it\/wp-content\/uploads\/2016\/07\/target.png\" alt class=\"img-responsive wp-image-12299\"\/><\/a><\/span><\/div><div class=\"fusion-clearfix\"><\/div><\/div><\/div><div class=\"fusion-layout-column fusion_builder_column fusion-builder-column-13 fusion_builder_column_5_6 5_6 fusion-five-sixth fusion-column-last\" style=\"--awb-bg-size:cover;width:82.6666%;\"><div class=\"fusion-column-wrapper fusion-flex-column-wrapper-legacy\"><div class=\"fusion-text fusion-text-9\"><div style=\"text-align: justify;\">\n<p><strong>Il sistema TARG@T\u00a0 una applicazione di sala operativa che provvede alla gestione dei transiti, immagini e metadati, inviati dai rilevatori collegati.<\/strong><\/p>\n<p>Per la realizzazione di tale piattaforma \u00e8 stata utilizzata l\u2019architettura di tipo Enterprise a tre livelli il tutto sviluppato in ambiente Java. Le interfacce di comunicazione verso i sistemi esterni sono sviluppate utilizzando dei servizi web con protocollo SOAP. L\u2019uso di tecnologie open source consente una indipendenza sia dai sistemi operativi (Windows, Linux, ecc.) che dalla base dati che pu\u00f2 essere scelta in funzione della mole di dati ed affidabilit\u00e0 richiesta (Oracle, MySQL, MSQL, ecc.) rispetto al sistema da monitorare. Anche il frontend pu\u00f2 essere sviluppato con diverse architetture (Thick &amp; Thin Client) e linguaggi (web-oriented e non).<\/p>\n<\/div>\n<\/div><div class=\"fusion-clearfix\"><\/div><\/div><\/div><\/div><\/div><\/p>\n","protected":false},"excerpt":{"rendered":"","protected":false},"author":1,"featured_media":0,"parent":0,"menu_order":0,"comment_status":"closed","ping_status":"closed","template":"100-width.php","meta":{"footnotes":""},"class_list":["post-12542","page","type-page","status-publish","hentry"],"yoast_head":"<!-- This site is optimized with the Yoast SEO plugin v26.2 - https:\/\/yoast.com\/wordpress\/plugins\/seo\/ -->\n<title>MINISTERO DELL\u2019INTERNO | Autostrada Napoli\/Salerno | SISTEMA GESTIONE INTEGRATA - B-SEC<\/title>\n<meta name=\"robots\" content=\"index, follow, max-snippet:-1, max-image-preview:large, max-video-preview:-1\" \/>\n<link rel=\"canonical\" href=\"http:\/\/85.235.140.117\/bsec.it\/public_html\/?page_id=12542\" \/>\n<meta property=\"og:locale\" content=\"it_IT\" \/>\n<meta property=\"og:type\" content=\"article\" \/>\n<meta property=\"og:title\" content=\"MINISTERO DELL\u2019INTERNO | Autostrada Napoli\/Salerno | SISTEMA GESTIONE INTEGRATA - B-SEC\" \/>\n<meta property=\"og:url\" content=\"http:\/\/85.235.140.117\/bsec.it\/public_html\/?page_id=12542\" \/>\n<meta property=\"og:site_name\" content=\"B-SEC\" \/>\n<meta property=\"article:modified_time\" content=\"2021-07-28T12:46:33+00:00\" \/>\n<meta property=\"og:image\" content=\"https:\/\/www.bsec.it\/wp-content\/uploads\/2016\/09\/scarica-pdf.png\" \/>\n<meta name=\"twitter:card\" content=\"summary_large_image\" \/>\n<meta name=\"twitter:label1\" content=\"Tempo di lettura stimato\" \/>\n\t<meta name=\"twitter:data1\" content=\"12 minuti\" \/>\n<script type=\"application\/ld+json\" class=\"yoast-schema-graph\">{\"@context\":\"https:\/\/schema.org\",\"@graph\":[{\"@type\":\"WebPage\",\"@id\":\"http:\/\/85.235.140.117\/bsec.it\/public_html\/?page_id=12542\",\"url\":\"http:\/\/85.235.140.117\/bsec.it\/public_html\/?page_id=12542\",\"name\":\"MINISTERO DELL\u2019INTERNO | Autostrada Napoli\/Salerno | SISTEMA GESTIONE INTEGRATA - B-SEC\",\"isPartOf\":{\"@id\":\"https:\/\/www.bsec.it\/#website\"},\"primaryImageOfPage\":{\"@id\":\"http:\/\/85.235.140.117\/bsec.it\/public_html\/?page_id=12542#primaryimage\"},\"image\":{\"@id\":\"http:\/\/85.235.140.117\/bsec.it\/public_html\/?page_id=12542#primaryimage\"},\"thumbnailUrl\":\"https:\/\/www.bsec.it\/wp-content\/uploads\/2016\/09\/scarica-pdf.png\",\"datePublished\":\"2016-09-16T08:37:03+00:00\",\"dateModified\":\"2021-07-28T12:46:33+00:00\",\"breadcrumb\":{\"@id\":\"http:\/\/85.235.140.117\/bsec.it\/public_html\/?page_id=12542#breadcrumb\"},\"inLanguage\":\"it-IT\",\"potentialAction\":[{\"@type\":\"ReadAction\",\"target\":[\"http:\/\/85.235.140.117\/bsec.it\/public_html\/?page_id=12542\"]}]},{\"@type\":\"ImageObject\",\"inLanguage\":\"it-IT\",\"@id\":\"http:\/\/85.235.140.117\/bsec.it\/public_html\/?page_id=12542#primaryimage\",\"url\":\"https:\/\/www.bsec.it\/wp-content\/uploads\/2016\/09\/scarica-pdf.png\",\"contentUrl\":\"https:\/\/www.bsec.it\/wp-content\/uploads\/2016\/09\/scarica-pdf.png\",\"width\":140,\"height\":23},{\"@type\":\"BreadcrumbList\",\"@id\":\"http:\/\/85.235.140.117\/bsec.it\/public_html\/?page_id=12542#breadcrumb\",\"itemListElement\":[{\"@type\":\"ListItem\",\"position\":1,\"name\":\"Home\",\"item\":\"https:\/\/www.bsec.it\/\"},{\"@type\":\"ListItem\",\"position\":2,\"name\":\"MINISTERO DELL\u2019INTERNO | Autostrada Napoli\/Salerno | SISTEMA GESTIONE INTEGRATA\"}]},{\"@type\":\"WebSite\",\"@id\":\"https:\/\/www.bsec.it\/#website\",\"url\":\"https:\/\/www.bsec.it\/\",\"name\":\"B-SEC\",\"description\":\"\",\"potentialAction\":[{\"@type\":\"SearchAction\",\"target\":{\"@type\":\"EntryPoint\",\"urlTemplate\":\"https:\/\/www.bsec.it\/?s={search_term_string}\"},\"query-input\":{\"@type\":\"PropertyValueSpecification\",\"valueRequired\":true,\"valueName\":\"search_term_string\"}}],\"inLanguage\":\"it-IT\"}]}<\/script>\n<!-- \/ Yoast SEO plugin. -->","yoast_head_json":{"title":"MINISTERO DELL\u2019INTERNO | Autostrada Napoli\/Salerno | SISTEMA GESTIONE INTEGRATA - B-SEC","robots":{"index":"index","follow":"follow","max-snippet":"max-snippet:-1","max-image-preview":"max-image-preview:large","max-video-preview":"max-video-preview:-1"},"canonical":"http:\/\/85.235.140.117\/bsec.it\/public_html\/?page_id=12542","og_locale":"it_IT","og_type":"article","og_title":"MINISTERO DELL\u2019INTERNO | Autostrada Napoli\/Salerno | SISTEMA GESTIONE INTEGRATA - B-SEC","og_url":"http:\/\/85.235.140.117\/bsec.it\/public_html\/?page_id=12542","og_site_name":"B-SEC","article_modified_time":"2021-07-28T12:46:33+00:00","og_image":[{"url":"https:\/\/www.bsec.it\/wp-content\/uploads\/2016\/09\/scarica-pdf.png","type":"","width":"","height":""}],"twitter_card":"summary_large_image","twitter_misc":{"Tempo di lettura stimato":"12 minuti"},"schema":{"@context":"https:\/\/schema.org","@graph":[{"@type":"WebPage","@id":"http:\/\/85.235.140.117\/bsec.it\/public_html\/?page_id=12542","url":"http:\/\/85.235.140.117\/bsec.it\/public_html\/?page_id=12542","name":"MINISTERO DELL\u2019INTERNO | Autostrada Napoli\/Salerno | SISTEMA GESTIONE INTEGRATA - B-SEC","isPartOf":{"@id":"https:\/\/www.bsec.it\/#website"},"primaryImageOfPage":{"@id":"http:\/\/85.235.140.117\/bsec.it\/public_html\/?page_id=12542#primaryimage"},"image":{"@id":"http:\/\/85.235.140.117\/bsec.it\/public_html\/?page_id=12542#primaryimage"},"thumbnailUrl":"https:\/\/www.bsec.it\/wp-content\/uploads\/2016\/09\/scarica-pdf.png","datePublished":"2016-09-16T08:37:03+00:00","dateModified":"2021-07-28T12:46:33+00:00","breadcrumb":{"@id":"http:\/\/85.235.140.117\/bsec.it\/public_html\/?page_id=12542#breadcrumb"},"inLanguage":"it-IT","potentialAction":[{"@type":"ReadAction","target":["http:\/\/85.235.140.117\/bsec.it\/public_html\/?page_id=12542"]}]},{"@type":"ImageObject","inLanguage":"it-IT","@id":"http:\/\/85.235.140.117\/bsec.it\/public_html\/?page_id=12542#primaryimage","url":"https:\/\/www.bsec.it\/wp-content\/uploads\/2016\/09\/scarica-pdf.png","contentUrl":"https:\/\/www.bsec.it\/wp-content\/uploads\/2016\/09\/scarica-pdf.png","width":140,"height":23},{"@type":"BreadcrumbList","@id":"http:\/\/85.235.140.117\/bsec.it\/public_html\/?page_id=12542#breadcrumb","itemListElement":[{"@type":"ListItem","position":1,"name":"Home","item":"https:\/\/www.bsec.it\/"},{"@type":"ListItem","position":2,"name":"MINISTERO DELL\u2019INTERNO | Autostrada Napoli\/Salerno | SISTEMA GESTIONE INTEGRATA"}]},{"@type":"WebSite","@id":"https:\/\/www.bsec.it\/#website","url":"https:\/\/www.bsec.it\/","name":"B-SEC","description":"","potentialAction":[{"@type":"SearchAction","target":{"@type":"EntryPoint","urlTemplate":"https:\/\/www.bsec.it\/?s={search_term_string}"},"query-input":{"@type":"PropertyValueSpecification","valueRequired":true,"valueName":"search_term_string"}}],"inLanguage":"it-IT"}]}},"_links":{"self":[{"href":"https:\/\/www.bsec.it\/index.php?rest_route=\/wp\/v2\/pages\/12542","targetHints":{"allow":["GET"]}}],"collection":[{"href":"https:\/\/www.bsec.it\/index.php?rest_route=\/wp\/v2\/pages"}],"about":[{"href":"https:\/\/www.bsec.it\/index.php?rest_route=\/wp\/v2\/types\/page"}],"author":[{"embeddable":true,"href":"https:\/\/www.bsec.it\/index.php?rest_route=\/wp\/v2\/users\/1"}],"replies":[{"embeddable":true,"href":"https:\/\/www.bsec.it\/index.php?rest_route=%2Fwp%2Fv2%2Fcomments&post=12542"}],"version-history":[{"count":8,"href":"https:\/\/www.bsec.it\/index.php?rest_route=\/wp\/v2\/pages\/12542\/revisions"}],"predecessor-version":[{"id":12844,"href":"https:\/\/www.bsec.it\/index.php?rest_route=\/wp\/v2\/pages\/12542\/revisions\/12844"}],"wp:attachment":[{"href":"https:\/\/www.bsec.it\/index.php?rest_route=%2Fwp%2Fv2%2Fmedia&parent=12542"}],"curies":[{"name":"wp","href":"https:\/\/api.w.org\/{rel}","templated":true}]}}