{"id":12754,"date":"2018-07-24T14:50:30","date_gmt":"2018-07-24T12:50:30","guid":{"rendered":"https:\/\/www.bsec.it\/?page_id=12754"},"modified":"2021-07-28T14:46:32","modified_gmt":"2021-07-28T12:46:32","slug":"investigator","status":"publish","type":"page","link":"https:\/\/www.bsec.it\/?page_id=12754","title":{"rendered":"Investigator"},"content":{"rendered":"<p><div class=\"fusion-fullwidth fullwidth-box fusion-builder-row-1 nonhundred-percent-fullwidth non-hundred-percent-height-scrolling\" style=\"--awb-background-position:left top;--awb-border-radius-top-left:0px;--awb-border-radius-top-right:0px;--awb-border-radius-bottom-right:0px;--awb-border-radius-bottom-left:0px;--awb-padding-top:20px;--awb-border-sizes-top:0px;--awb-border-sizes-bottom:0px;--awb-flex-wrap:wrap;\" ><div class=\"fusion-builder-row fusion-row\"><div class=\"fusion-layout-column fusion_builder_column fusion-builder-column-0 fusion_builder_column_1_1 1_1 fusion-one-full fusion-column-first fusion-column-last\" style=\"--awb-bg-size:cover;\"><div class=\"fusion-column-wrapper fusion-flex-column-wrapper-legacy\"><div class=\"fusion-title title fusion-title-1 fusion-title-center fusion-title-text fusion-title-size-one\"><div class=\"title-sep-container title-sep-container-left\"><div class=\"title-sep sep-double sep-solid\" style=\"border-color:#e0dede;\"><\/div><\/div><span class=\"awb-title-spacer\"><\/span><h1 class=\"fusion-title-heading title-heading-center\" style=\"margin:0;\"><strong>Investigator<\/strong><\/h1><span class=\"awb-title-spacer\"><\/span><div class=\"title-sep-container title-sep-container-right\"><div class=\"title-sep sep-double sep-solid\" style=\"border-color:#e0dede;\"><\/div><\/div><\/div><div class=\"fusion-clearfix\"><\/div><\/div><\/div><div class=\"fusion-layout-column fusion_builder_column fusion-builder-column-1 fusion_builder_column_3_4 3_4 fusion-three-fourth fusion-column-first\" style=\"--awb-bg-size:cover;width:74%; margin-right: 4%;\"><div class=\"fusion-column-wrapper fusion-flex-column-wrapper-legacy\"><div class=\"fusion-text fusion-text-1\"><div style=\"text-align: center;\">\n<p style=\"text-align: left;\">Investigator \u00e8 un sistema di ripresa autonomo dotato di due telecamere, sistema di alimentazione a batteria e collegamento <strong>LTE<\/strong>. \u00c8 il kit di video sorveglianza modulare, pi\u00f9 piccolo in termini di dimensioni, con la maggiore durata della batteria e che consente i pi\u00f9 ridotti tempi di installazione presente sul mercato.<\/p>\n<\/div>\n<\/div><div class=\"fusion-clearfix\"><\/div><\/div><\/div><div class=\"fusion-layout-column fusion_builder_column fusion-builder-column-2 fusion_builder_column_1_4 1_4 fusion-one-fourth fusion-column-last\" style=\"--awb-bg-size:cover;width:22%;\"><div class=\"fusion-column-wrapper fusion-flex-column-wrapper-legacy\"><div class=\"fusion-image-element in-legacy-container\" style=\"--awb-caption-title-font-family:var(--h2_typography-font-family);--awb-caption-title-font-weight:var(--h2_typography-font-weight);--awb-caption-title-font-style:var(--h2_typography-font-style);--awb-caption-title-size:var(--h2_typography-font-size);--awb-caption-title-transform:var(--h2_typography-text-transform);--awb-caption-title-line-height:var(--h2_typography-line-height);--awb-caption-title-letter-spacing:var(--h2_typography-letter-spacing);\"><span class=\" fusion-imageframe imageframe-none imageframe-1 hover-type-none\"><a class=\"fusion-no-lightbox\" href=\"https:\/\/www.bsec.it\/wp-content\/uploads\/2018\/07\/brochure-Investigator-Bsec.pdf\" target=\"_blank\" aria-label=\"scarica-la-brochure\" rel=\"noopener noreferrer\"><img decoding=\"async\" width=\"223\" height=\"48\" src=\"https:\/\/www.bsec.it\/wp-content\/uploads\/2016\/08\/scarica-la-brochure.png\" alt class=\"img-responsive wp-image-12586\" srcset=\"https:\/\/www.bsec.it\/wp-content\/uploads\/2016\/08\/scarica-la-brochure-200x43.png 200w, https:\/\/www.bsec.it\/wp-content\/uploads\/2016\/08\/scarica-la-brochure.png 223w\" sizes=\"(max-width: 800px) 100vw, 223px\" \/><\/a><\/span><\/div><div class=\"fusion-clearfix\"><\/div><\/div><\/div><\/div><\/div><div class=\"fusion-fullwidth fullwidth-box fusion-builder-row-2 nonhundred-percent-fullwidth non-hundred-percent-height-scrolling\" style=\"--awb-background-position:left top;--awb-border-color:#eaeaea;--awb-border-radius-top-left:0px;--awb-border-radius-top-right:0px;--awb-border-radius-bottom-right:0px;--awb-border-radius-bottom-left:0px;--awb-padding-top:20px;--awb-padding-bottom:0px;--awb-background-color:#f2f2f2;--awb-border-sizes-top:1px;--awb-border-sizes-bottom:1px;--awb-flex-wrap:wrap;\" ><div class=\"fusion-builder-row fusion-row\"><div class=\"fusion-layout-column fusion_builder_column fusion-builder-column-3 fusion_builder_column_1_1 1_1 fusion-one-full fusion-column-first fusion-column-last\" style=\"--awb-bg-size:cover;\"><div class=\"fusion-column-wrapper fusion-flex-column-wrapper-legacy\"><div class=\"fusion-text fusion-text-2\"><div style=\"text-align: center;\">\n<p style=\"text-align: left;\">Progettato per installazioni in ambienti privi di alimentazione da rete elettrica e per necessit\u00e0 di sorveglianza ad installazione rapida, pu\u00f2 essere la risposta ad esigenze di monitoraggio sia temporaneo che di lungo periodo, grazie alla possibilit\u00e0 di alimentazione parziale derivata dalla pubblica illuminazione o da sistemi di alimentazione ausiliaria come pannelli fotovoltaici.<\/p>\n<p style=\"text-align: left;\"><strong>Il collegamento alla sala di controllo \u00e8 assicurato da una connessione LTE o Wi-Fi.<\/strong><\/p>\n<\/div>\n<\/div><div class=\"fusion-clearfix\"><\/div><\/div><\/div><\/div><\/div><div class=\"fusion-fullwidth fullwidth-box fusion-builder-row-3 nonhundred-percent-fullwidth non-hundred-percent-height-scrolling\" style=\"--awb-background-position:left top;--awb-border-radius-top-left:0px;--awb-border-radius-top-right:0px;--awb-border-radius-bottom-right:0px;--awb-border-radius-bottom-left:0px;--awb-padding-top:10px;--awb-padding-bottom:10px;--awb-flex-wrap:wrap;\" ><div class=\"fusion-builder-row fusion-row\"><div class=\"fusion-layout-column fusion_builder_column fusion-builder-column-4 fusion_builder_column_1_1 1_1 fusion-one-full fusion-column-first fusion-column-last fusion-column-no-min-height\" style=\"--awb-bg-size:cover;--awb-margin-bottom:0px;\"><div class=\"fusion-column-wrapper fusion-flex-column-wrapper-legacy\"><div class=\"fusion-text fusion-text-3\"><div style=\"text-align: center;\">\n<p style=\"text-align: left;\"><strong>I principali campi di applicazione sono:<\/strong><\/p>\n<ul>\n<li style=\"text-align: left;\">Sorveglianza aree pubbliche: Investigator consente agli enti pubblici di ottenere significativi risparmi contribuendo a contrastare lo scarico illegale dei rifiuti. Pu\u00f2 anche fornire informazioni in tempo reale a supporto della lotta contro il graffitismo, il vandalismo e, pi\u00f9 in generale, i comportamenti antisociali.<\/li>\n<li style=\"text-align: left;\">Monitoraggio eventi: nel mondo di oggi tutti gli eventi pubblici devono essere il pi\u00f9 sicuri e protetti possibile. Investigator pu\u00f2 essere installato e rimosso in pochi minuti. La lunga durata della batteria garantisce video live di qualit\u00e0 eccezionale per tutta la durata di un tipico evento e offre anche il live streaming di due livelli o di due aree contemporaneamente da una sola videocamera.<\/li>\n<li style=\"text-align: left;\">Protezione infrastrutture: i cantieri e le infrastrutture come Trasporti e Oil&amp;Gas non sorvegliati sono tra gli obiettivi principali di rapinatori e vandali. Impianti e macchinari di valore utilizzati in luoghi spesso isolati richiedono necessariamente forme di sorveglianza Investigator a batteria, in abbinamento all\u2019alimentazione elettrica parziale di cantiere o ai pannelli fotovoltaici, \u00e8 l&#8217;ideale in tali situazioni. Riposizionabili in tempi brevi, le videocamere forniranno immagini video live o registrazioni temporizzate direttamente a un centro di controllo, a un telefono cellulare o a un tablet assicurando sicurezza e protezione ottimali di mezzi e strutture.<\/li>\n<li style=\"text-align: left;\">Controllo confini: difficili da controllare \u2013 in particolare nelle localit\u00e0 pi\u00f9 isolate \u2013 le frontiere vengono continuamente violate da persone che cercano nuove rotte per l&#8217;ingresso non autorizzato nei vari paesi. Investigator, essendo alimentato a batteria e utilizzando la trasmissione dati LTE, pu\u00f2 essere rapidamente installato su un albero, su un traliccio o su un edificio nelle zone pi\u00f9 isolate e sar\u00e0 in grado di trasmettere video in live streaming ad alta definizione giorno e notte.<\/li>\n<\/ul>\n<\/div>\n<\/div><div class=\"fusion-clearfix\"><\/div><\/div><\/div><\/div><\/div><\/p>\n","protected":false},"excerpt":{"rendered":"","protected":false},"author":1,"featured_media":0,"parent":0,"menu_order":0,"comment_status":"closed","ping_status":"closed","template":"100-width.php","meta":{"footnotes":""},"class_list":["post-12754","page","type-page","status-publish","hentry"],"yoast_head":"<!-- This site is optimized with the Yoast SEO plugin v26.2 - https:\/\/yoast.com\/wordpress\/plugins\/seo\/ -->\n<title>Investigator - B-SEC<\/title>\n<meta name=\"robots\" content=\"index, follow, max-snippet:-1, max-image-preview:large, max-video-preview:-1\" \/>\n<link rel=\"canonical\" href=\"http:\/\/85.235.140.117\/bsec.it\/public_html\/?page_id=12754\" \/>\n<meta property=\"og:locale\" content=\"it_IT\" \/>\n<meta property=\"og:type\" content=\"article\" \/>\n<meta property=\"og:title\" content=\"Investigator - B-SEC\" \/>\n<meta property=\"og:url\" content=\"http:\/\/85.235.140.117\/bsec.it\/public_html\/?page_id=12754\" \/>\n<meta property=\"og:site_name\" content=\"B-SEC\" \/>\n<meta property=\"article:modified_time\" content=\"2021-07-28T12:46:32+00:00\" \/>\n<meta property=\"og:image\" content=\"https:\/\/www.bsec.it\/wp-content\/uploads\/2016\/08\/scarica-la-brochure.png\" \/>\n<meta name=\"twitter:card\" content=\"summary_large_image\" \/>\n<meta name=\"twitter:label1\" content=\"Tempo di lettura stimato\" \/>\n\t<meta name=\"twitter:data1\" content=\"5 minuti\" \/>\n<script type=\"application\/ld+json\" class=\"yoast-schema-graph\">{\"@context\":\"https:\/\/schema.org\",\"@graph\":[{\"@type\":\"WebPage\",\"@id\":\"http:\/\/85.235.140.117\/bsec.it\/public_html\/?page_id=12754\",\"url\":\"http:\/\/85.235.140.117\/bsec.it\/public_html\/?page_id=12754\",\"name\":\"Investigator - B-SEC\",\"isPartOf\":{\"@id\":\"https:\/\/www.bsec.it\/#website\"},\"primaryImageOfPage\":{\"@id\":\"http:\/\/85.235.140.117\/bsec.it\/public_html\/?page_id=12754#primaryimage\"},\"image\":{\"@id\":\"http:\/\/85.235.140.117\/bsec.it\/public_html\/?page_id=12754#primaryimage\"},\"thumbnailUrl\":\"https:\/\/www.bsec.it\/wp-content\/uploads\/2016\/08\/scarica-la-brochure.png\",\"datePublished\":\"2018-07-24T12:50:30+00:00\",\"dateModified\":\"2021-07-28T12:46:32+00:00\",\"breadcrumb\":{\"@id\":\"http:\/\/85.235.140.117\/bsec.it\/public_html\/?page_id=12754#breadcrumb\"},\"inLanguage\":\"it-IT\",\"potentialAction\":[{\"@type\":\"ReadAction\",\"target\":[\"http:\/\/85.235.140.117\/bsec.it\/public_html\/?page_id=12754\"]}]},{\"@type\":\"ImageObject\",\"inLanguage\":\"it-IT\",\"@id\":\"http:\/\/85.235.140.117\/bsec.it\/public_html\/?page_id=12754#primaryimage\",\"url\":\"https:\/\/www.bsec.it\/wp-content\/uploads\/2016\/08\/scarica-la-brochure.png\",\"contentUrl\":\"https:\/\/www.bsec.it\/wp-content\/uploads\/2016\/08\/scarica-la-brochure.png\",\"width\":223,\"height\":48},{\"@type\":\"BreadcrumbList\",\"@id\":\"http:\/\/85.235.140.117\/bsec.it\/public_html\/?page_id=12754#breadcrumb\",\"itemListElement\":[{\"@type\":\"ListItem\",\"position\":1,\"name\":\"Home\",\"item\":\"https:\/\/www.bsec.it\/\"},{\"@type\":\"ListItem\",\"position\":2,\"name\":\"Investigator\"}]},{\"@type\":\"WebSite\",\"@id\":\"https:\/\/www.bsec.it\/#website\",\"url\":\"https:\/\/www.bsec.it\/\",\"name\":\"B-SEC\",\"description\":\"\",\"potentialAction\":[{\"@type\":\"SearchAction\",\"target\":{\"@type\":\"EntryPoint\",\"urlTemplate\":\"https:\/\/www.bsec.it\/?s={search_term_string}\"},\"query-input\":{\"@type\":\"PropertyValueSpecification\",\"valueRequired\":true,\"valueName\":\"search_term_string\"}}],\"inLanguage\":\"it-IT\"}]}<\/script>\n<!-- \/ Yoast SEO plugin. -->","yoast_head_json":{"title":"Investigator - B-SEC","robots":{"index":"index","follow":"follow","max-snippet":"max-snippet:-1","max-image-preview":"max-image-preview:large","max-video-preview":"max-video-preview:-1"},"canonical":"http:\/\/85.235.140.117\/bsec.it\/public_html\/?page_id=12754","og_locale":"it_IT","og_type":"article","og_title":"Investigator - B-SEC","og_url":"http:\/\/85.235.140.117\/bsec.it\/public_html\/?page_id=12754","og_site_name":"B-SEC","article_modified_time":"2021-07-28T12:46:32+00:00","og_image":[{"url":"https:\/\/www.bsec.it\/wp-content\/uploads\/2016\/08\/scarica-la-brochure.png","type":"","width":"","height":""}],"twitter_card":"summary_large_image","twitter_misc":{"Tempo di lettura stimato":"5 minuti"},"schema":{"@context":"https:\/\/schema.org","@graph":[{"@type":"WebPage","@id":"http:\/\/85.235.140.117\/bsec.it\/public_html\/?page_id=12754","url":"http:\/\/85.235.140.117\/bsec.it\/public_html\/?page_id=12754","name":"Investigator - B-SEC","isPartOf":{"@id":"https:\/\/www.bsec.it\/#website"},"primaryImageOfPage":{"@id":"http:\/\/85.235.140.117\/bsec.it\/public_html\/?page_id=12754#primaryimage"},"image":{"@id":"http:\/\/85.235.140.117\/bsec.it\/public_html\/?page_id=12754#primaryimage"},"thumbnailUrl":"https:\/\/www.bsec.it\/wp-content\/uploads\/2016\/08\/scarica-la-brochure.png","datePublished":"2018-07-24T12:50:30+00:00","dateModified":"2021-07-28T12:46:32+00:00","breadcrumb":{"@id":"http:\/\/85.235.140.117\/bsec.it\/public_html\/?page_id=12754#breadcrumb"},"inLanguage":"it-IT","potentialAction":[{"@type":"ReadAction","target":["http:\/\/85.235.140.117\/bsec.it\/public_html\/?page_id=12754"]}]},{"@type":"ImageObject","inLanguage":"it-IT","@id":"http:\/\/85.235.140.117\/bsec.it\/public_html\/?page_id=12754#primaryimage","url":"https:\/\/www.bsec.it\/wp-content\/uploads\/2016\/08\/scarica-la-brochure.png","contentUrl":"https:\/\/www.bsec.it\/wp-content\/uploads\/2016\/08\/scarica-la-brochure.png","width":223,"height":48},{"@type":"BreadcrumbList","@id":"http:\/\/85.235.140.117\/bsec.it\/public_html\/?page_id=12754#breadcrumb","itemListElement":[{"@type":"ListItem","position":1,"name":"Home","item":"https:\/\/www.bsec.it\/"},{"@type":"ListItem","position":2,"name":"Investigator"}]},{"@type":"WebSite","@id":"https:\/\/www.bsec.it\/#website","url":"https:\/\/www.bsec.it\/","name":"B-SEC","description":"","potentialAction":[{"@type":"SearchAction","target":{"@type":"EntryPoint","urlTemplate":"https:\/\/www.bsec.it\/?s={search_term_string}"},"query-input":{"@type":"PropertyValueSpecification","valueRequired":true,"valueName":"search_term_string"}}],"inLanguage":"it-IT"}]}},"_links":{"self":[{"href":"https:\/\/www.bsec.it\/index.php?rest_route=\/wp\/v2\/pages\/12754","targetHints":{"allow":["GET"]}}],"collection":[{"href":"https:\/\/www.bsec.it\/index.php?rest_route=\/wp\/v2\/pages"}],"about":[{"href":"https:\/\/www.bsec.it\/index.php?rest_route=\/wp\/v2\/types\/page"}],"author":[{"embeddable":true,"href":"https:\/\/www.bsec.it\/index.php?rest_route=\/wp\/v2\/users\/1"}],"replies":[{"embeddable":true,"href":"https:\/\/www.bsec.it\/index.php?rest_route=%2Fwp%2Fv2%2Fcomments&post=12754"}],"version-history":[{"count":10,"href":"https:\/\/www.bsec.it\/index.php?rest_route=\/wp\/v2\/pages\/12754\/revisions"}],"predecessor-version":[{"id":12830,"href":"https:\/\/www.bsec.it\/index.php?rest_route=\/wp\/v2\/pages\/12754\/revisions\/12830"}],"wp:attachment":[{"href":"https:\/\/www.bsec.it\/index.php?rest_route=%2Fwp%2Fv2%2Fmedia&parent=12754"}],"curies":[{"name":"wp","href":"https:\/\/api.w.org\/{rel}","templated":true}]}}